{"id":1442,"date":"2026-01-20T12:08:23","date_gmt":"2026-01-20T12:08:23","guid":{"rendered":"https:\/\/bonuskongcasino.com\/app-2\/"},"modified":"2026-04-02T14:40:42","modified_gmt":"2026-04-02T13:40:42","slug":"app","status":"publish","type":"page","link":"https:\/\/spinstein-casino.com\/de\/app\/","title":{"rendered":"App"},"content":{"rendered":"<h1>Spinstein App: Mobile Casino-Spiele<\/h1>\n<p>Die Spinstein App wurde f\u00fcr den schnellen mobilen Zugriff auf unser Casino entwickelt. Die Software erm\u00f6glicht es unseren Kunden, alle Funktionen zu nutzen und jedes Spiel aus der Sammlung zu spielen. Sie bietet eine schnelle Navigation mit gestochen scharfen, fl\u00fcssigen Grafiken. Unsere App ist mit nur einem Klick auf jedem Ger\u00e4t verf\u00fcgbar.<\/p>\n<div class=\"banner-wrap\" aria-label=\"Banner\"><img src=\"https:\/\/spinstein-casino.com\/wp-content\/uploads\/Spinstein-banner-carousel-800\u0445400-1.webp\" class=\"w-100 d-none d-lg-block img-pc main-banner-img\" alt=\"Spinstein banner carousel\" fetchpriority=\"high\" decoding=\"async\"><img src=\"https:\/\/spinstein-casino.com\/wp-content\/uploads\/2026\/04\/spinstein-banner-mobile.webp\" class=\"w-100 d-none d-md-block d-lg-none main-banner-img\" alt=\"spinstein banner mobile\" fetchpriority=\"high\" decoding=\"async\"><img src=\"https:\/\/spinstein-casino.com\/wp-content\/uploads\/2026\/04\/spinstein-banner-mobile.webp\" class=\"w-100 d-md-none\" alt=\"spinstein banner mobile\" fetchpriority=\"high\" decoding=\"async\"><div class=\"banner-description\">\n<div class=\"banner-title\">Willkommensboni<\/div>\n<p class=\"banner-header-title\">1500 \u20ac<\/p>\n<div class=\"banner-header-AdditionalText\">+ 250 Freispiele<\/div>\n<button data-item=\"homepage_banner_link\" class=\"goto m-button m-gradient-border m-button--primary m-button--large banner-button btn-orange\">\n            <div class=\"m-button-content\">\n                <span>Jetzt anmelden<\/span>\n                <span><\/span>\n            <\/div>\n        <\/button>\n<\/div>\n<div class=\"WelcomePack\">\n<p><img loading=\"lazy\" decoding=\"async\" class=\"alignnone size-full wp-image-1892\" src=\"https:\/\/spinstein-casino.com\/wp-content\/uploads\/2026\/04\/welcome-crown-1.png\" alt=\"welcome crown\" width=\"25\" height=\"26\" \/><\/p>\n<div class=\"WelcomePack-Info\">W\u00f6chentlicher Cashback von bis zu 25 %<\/div>\n<p><img loading=\"lazy\" decoding=\"async\" class=\"alignnone size-full wp-image-1892\" src=\"https:\/\/spinstein-casino.com\/wp-content\/uploads\/2026\/04\/welcome-crown-1.png\" alt=\"welcome crown\" width=\"25\" height=\"26\" \/><\/p>\n<\/div>\n<\/div>\n<h2>Funktionen der Spinstein App<\/h2>\n<p>Die Spin Stein App bietet ein benutzerfreundliches Spielerlebnis. Unsere App verf\u00fcgt \u00fcber dieselben Kernfunktionen wie die Desktop-Version, ist jedoch leistungsm\u00e4\u00dfig f\u00fcr Touchscreens optimiert. Nutzer k\u00f6nnen ihre Konten verwalten, Spiele spielen und alle Casino-Funktionen nutzen. Die mobile Version bietet eine schnellere Leistung und ist \u00fcberall verf\u00fcgbar. Die Desktop-Website unterst\u00fctzt gr\u00f6\u00dfere Bildschirme und eine detailliertere Ansicht.<\/p>\n<table>\n<tbody>\n<tr>\n<td>Funktion<\/td>\n<td>Mobile App<\/td>\n<td>PC-Version<\/td>\n<\/tr>\n<tr>\n<td>Zug\u00e4nglichkeit<\/td>\n<td>Zugriff von einem mobilen Ger\u00e4t aus jederzeit<\/td>\n<td>Erfordert den Zugriff \u00fcber einen Browser auf einem Desktop-Computer<\/td>\n<\/tr>\n<tr>\n<td>Leistung<\/td>\n<td>Optimiert f\u00fcr schnelles Laden und Touch-Steuerung<\/td>\n<td>Stabile Leistung bei h\u00f6herer Systemkapazit\u00e4t<\/td>\n<\/tr>\n<tr>\n<td>Benutzeroberfl\u00e4che<\/td>\n<td>Angepasst an mobile Bildschirme und einfache Navigation<\/td>\n<td>Gr\u00f6\u00dfere Benutzeroberfl\u00e4che mit detailliertem Layout<\/td>\n<\/tr>\n<tr>\n<td>Kontoverwaltung<\/td>\n<td>Voller Zugriff auf Einzahlungen, Auszahlungen und Einstellungen<\/td>\n<td>Voller Zugriff \u00fcber den Browser<\/td>\n<\/tr>\n<tr>\n<td>Benachrichtigungen<\/td>\n<td>Echtzeit-Benachrichtigungen zu Boni und Updates<\/td>\n<td>Keine Push-Benachrichtigungen<\/td>\n<\/tr>\n<tr>\n<td>Komfort<\/td>\n<td>Zugriff mit einem Fingertipp vom Ger\u00e4t aus<\/td>\n<td>Erfordert manuelle Anmeldung \u00fcber einen Browser<\/td>\n<\/tr>\n<\/tbody>\n<\/table>\n<p><div class=\"scrollable-content-wrap my-5\"><div class=\"scrollable-content-inner\"><h2>Spinstein App f\u00fcr Android<\/h2>\n<p>Die Spinstein App ist mit allen Android-Ger\u00e4ten kompatibel. Unsere mobile Version funktioniert auf jedem Smartphone oder Tablet. Spieler k\u00f6nnen \u00fcber den Browser auf dieselben Funktionen zugreifen wie auf der Desktop-Website. Die Benutzeroberfl\u00e4che ist f\u00fcr Android-Systeme optimiert und gew\u00e4hrleistet eine stabile Leistung. Wir unterst\u00fctzen schnelles Laden f\u00fcr den t\u00e4glichen Gebrauch.<\/p>\n<h3>Spin Stein APK<\/h3>\n<p>F\u00fcr die Installation der Spinstein Casino App sind keine APK-Dateien erforderlich. Es ist nicht notwendig, im Play Store nach einer Spinstein-APK-Datei zu suchen. Wir nutzen Progressive-Web-App-Technologie f\u00fcr den direkten Zugriff. Spieler k\u00f6nnen die Software mit einem einzigen Klick \u00fcber ihren Browser installieren. Der Vorgang erfordert keinen Download aus externen Quellen. Die Software l\u00e4uft sicher und aktualisiert sich automatisch. Spieler k\u00f6nnen die App mit einem einzigen Klick vom Startbildschirm aus starten.<\/p>\n<p><img loading=\"lazy\" decoding=\"async\" class=\"alignnone size-full wp-image-1943\" src=\"https:\/\/spinstein-casino.com\/wp-content\/uploads\/2026\/04\/Spinstein-Android-App.webp\" alt=\"Spinstein Android App\" width=\"1248\" height=\"536\" srcset=\"https:\/\/spinstein-casino.com\/wp-content\/uploads\/2026\/04\/Spinstein-Android-App.webp 1248w, https:\/\/spinstein-casino.com\/wp-content\/uploads\/2026\/04\/Spinstein-Android-App-300x129.webp 300w, https:\/\/spinstein-casino.com\/wp-content\/uploads\/2026\/04\/Spinstein-Android-App-1024x440.webp 1024w, https:\/\/spinstein-casino.com\/wp-content\/uploads\/2026\/04\/Spinstein-Android-App-768x330.webp 768w\" sizes=\"auto, (max-width: 1248px) 100vw, 1248px\" \/><\/p>\n<\/div><\/div><div style=\"clear: both\"><\/div><div class=\"d-flex justify-content-center\"><button data-item=\"decouvrez_link\" data-group=\"website_links\" class=\"goto fw-bold rounded-pill btn btn-orange\" aria-label=\"Laden Sie die Spinstein-App herunter\" >Laden Sie die Spinstein-App herunter<\/button><\/div><div class=\"scrollable-content-wrap my-5\"><div class=\"scrollable-content-inner\"><h2>Spinstein App \u2013 iOS<\/h2>\n<p>Sie k\u00f6nnen auf jedem iOS-Ger\u00e4t ganz einfach auf die Spinstain App zugreifen. Unsere Software l\u00e4uft in Safari als webbasierte L\u00f6sung. Spieler k\u00f6nnen alle Funktionen f\u00fcr das Spielen oder die Kontoverwaltung nutzen. Die Benutzeroberfl\u00e4che ist f\u00fcr iPhone- und iPad-Bildschirme optimiert. Wir garantieren schnellen Zugriff, ohne dass ein Download aus dem App Store erforderlich ist.<\/p>\n<p>So installieren Sie die Spinstein App auf iOS:<\/p>\n<ol>\n<li>\u00d6ffnen Sie die Spinstein-Website in Safari.<\/li>\n<li>Tippen Sie anschlie\u00dfend auf das Symbol \u201eTeilen\u201c am unteren Bildschirmrand.<\/li>\n<li>Anschlie\u00dfend w\u00e4hlen Sie im Men\u00fc \u201eZum Startbildschirm hinzuf\u00fcgen\u201c und best\u00e4tigen den Vorgang durch Tippen auf \u201eHinzuf\u00fcgen\u201c.<\/li>\n<\/ol>\n<p><img loading=\"lazy\" decoding=\"async\" class=\"alignnone size-full wp-image-1967\" src=\"https:\/\/spinstein-casino.com\/wp-content\/uploads\/2026\/04\/Spinstein-iOS-App.webp\" alt=\"Spinstein iOS App\" width=\"1248\" height=\"536\" srcset=\"https:\/\/spinstein-casino.com\/wp-content\/uploads\/2026\/04\/Spinstein-iOS-App.webp 1248w, https:\/\/spinstein-casino.com\/wp-content\/uploads\/2026\/04\/Spinstein-iOS-App-300x129.webp 300w, https:\/\/spinstein-casino.com\/wp-content\/uploads\/2026\/04\/Spinstein-iOS-App-1024x440.webp 1024w, https:\/\/spinstein-casino.com\/wp-content\/uploads\/2026\/04\/Spinstein-iOS-App-768x330.webp 768w\" sizes=\"auto, (max-width: 1248px) 100vw, 1248px\" \/><\/p>\n<\/div><\/div><div style=\"clear: both\"><\/div><div class=\"d-flex justify-content-center\"><button data-item=\"decouvrez_link\" data-group=\"website_links\" class=\"goto fw-bold rounded-pill btn btn-orange\" aria-label=\"Laden Sie die Spinstein-App herunter\" >Laden Sie die Spinstein-App herunter<\/button><\/div><div class=\"scrollable-content-wrap my-5\"><div class=\"scrollable-content-inner\"><h2>Spin Stein Casino \u2013 Desktop-Version<\/h2>\n<p>Sie k\u00f6nnen die Spinstein Casino Desktop App installieren, um schnell auf unsere Website zuzugreifen. Spieler k\u00f6nnen die Plattform unter Windows und macOS nutzen, ohne Software installieren zu m\u00fcssen. Die Desktop-Version l\u00e4uft als Web-App in Ihrem Browser und unterst\u00fctzt alle Funktionen des mobilen Casinos.<\/p>\n<p>Wir haben die Desktop-Version f\u00fcr gro\u00dfe Bildschirme optimiert. Live-Dealer-Spiele bieten Video in hoher Qualit\u00e4t. In der PC-Version kannst du Online-Slots im Vollbildmodus spielen. Nutzer k\u00f6nnen Ein- und Auszahlungen im Hauptmen\u00fc verwalten.<\/p>\n<p>Auf Ihrem Desktop wird eine Verkn\u00fcpfung zum Spinstein Casino erstellt, um einen schnellen Zugriff zu erm\u00f6glichen. Mit einem einzigen Klick \u00f6ffnet sich die Plattform. Der Vorteil der App besteht darin, dass Sie Benachrichtigungen \u00fcber Casino-Updates und alle aktuellen Neuigkeiten erhalten.<\/p>\n<h2>Sicherheit und Fairplay<\/h2>\n<p>Bei Spinstein Casino ist eine Verifizierung f\u00fcr Auszahlungen und Bonusanspr\u00fcche erforderlich. Spieler m\u00fcssen den Know-Your-Customer-Prozess (KYC) durchlaufen, um ihre Identit\u00e4t zu best\u00e4tigen. Zu den erforderlichen Dokumenten geh\u00f6ren ein Altersnachweis, ein Adressnachweis und Zahlungsinformationen. Der Verifizierungsprozess ist notwendig, um die Sicherheit aller Nutzer zu gew\u00e4hrleisten. Spinstein-Spieler k\u00f6nnen den Vorgang in unserer App abschlie\u00dfen.<\/p>\n<p>Einige unserer Sicherheitsma\u00dfnahmen:<\/p>\n<ul>\n<li>TLS-Sicherheit \u2013 Wir verwenden TLS 1.3-Verschl\u00fcsselung und HTTPS mit g\u00fcltigen Zertifikaten, um die Daten\u00fcbertragung zu sch\u00fctzen.<\/li>\n<li>Transaktions\u00fcberwachung \u2013 Auszahlungen werden manuell gepr\u00fcft, und alle Zahlungsvorg\u00e4nge werden in Echtzeit \u00fcberwacht.<\/li>\n<li>Fairness der Spiele \u2013 Alle Spiele laufen auf zertifizierten Zufallsgeneratoren. Unabh\u00e4ngige Labore testen unsere Systeme regelm\u00e4\u00dfig.<\/li>\n<li>Systemsicherheit \u2013 Wir unterhalten Firewalls, DDoS-Schutz und Intrusion-Detection-Systeme, um die Plattform zu sichern.<\/li>\n<li>Kontosicherheit \u2013 Zwei-Faktor-Authentifizierung und CAPTCHA verhindern unbefugten und automatisierten Zugriff.<\/li>\n<\/ul>\n<p><img loading=\"lazy\" decoding=\"async\" class=\"alignnone size-full wp-image-1959\" src=\"https:\/\/spinstein-casino.com\/wp-content\/uploads\/2026\/04\/Spinstein-Desktop.webp\" alt=\"Spinstein Desktop\" width=\"1248\" height=\"536\" srcset=\"https:\/\/spinstein-casino.com\/wp-content\/uploads\/2026\/04\/Spinstein-Desktop.webp 1248w, https:\/\/spinstein-casino.com\/wp-content\/uploads\/2026\/04\/Spinstein-Desktop-300x129.webp 300w, https:\/\/spinstein-casino.com\/wp-content\/uploads\/2026\/04\/Spinstein-Desktop-1024x440.webp 1024w, https:\/\/spinstein-casino.com\/wp-content\/uploads\/2026\/04\/Spinstein-Desktop-768x330.webp 768w\" sizes=\"auto, (max-width: 1248px) 100vw, 1248px\" \/><\/p>\n<\/div><\/div><div style=\"clear: both\"><\/div><div class=\"d-flex justify-content-center\"><button data-item=\"decouvrez_link\" data-group=\"website_links\" class=\"goto fw-bold rounded-pill btn btn-orange\" aria-label=\"Laden Sie die Spinstein-App herunter\" >Laden Sie die Spinstein-App herunter<\/button><\/div><div class=\"scrollable-content-wrap my-5\"><div class=\"scrollable-content-inner\"><h2>FAQ<\/h2>\n<h3>Was sind die Mindestsystemanforderungen f\u00fcr die App?<\/h3>\n<p>Die Spinstein App funktioniert auf den meisten Mobilger\u00e4ten. Wir unterst\u00fctzen Android- und iOS-Ger\u00e4te mit aktuellen Browsern. F\u00fcr den ordnungsgem\u00e4\u00dfen Betrieb der App ist eine stabile Internetverbindung erforderlich. Wir optimieren die Plattform regelm\u00e4\u00dfig f\u00fcr die Nutzung auf verschiedenen Ger\u00e4ten. Automatische System-Updates sorgen daf\u00fcr, dass die Software weiterhin reibungslos funktioniert.<\/p>\n<h3>Wie installiere ich die APK-Datei auf meinem Android-Ger\u00e4t?<\/h3>\n<p>Wir verwenden keine APK-Dateien f\u00fcr die Installation. Spin Stein bietet den Zugriff \u00fcber eine Progressive Web App. Spieler k\u00f6nnen die Software mit einem einzigen Klick direkt \u00fcber ihren Browser installieren. Es sind keine Downloads von externen Quellen erforderlich. Die App l\u00e4sst sich schnell installieren und wird automatisch aktualisiert. Spieler k\u00f6nnen die Software jederzeit starten.<\/p>\n<h3>Kann ich mein bestehendes Konto in der mobilen App nutzen?<\/h3>\n<p>Spieler k\u00f6nnen ihr bestehendes Spinstein-Konto in der mobilen App nutzen. Unsere Software erm\u00f6glicht eine vollst\u00e4ndige Synchronisierung \u00fcber alle Ger\u00e4te hinweg. Wenn Sie Fragen zum Installationsprozess haben, k\u00f6nnen Sie sich an unser Support-Team wenden. Unsere Spezialisten stehen Ihnen per Live-Chat oder E-Mail zur Verf\u00fcgung.<\/p>\n<h3>Gibt es einen Unterschied zwischen der App und der Browser-Version?<\/h3>\n<p>Die Browser-Version und die mobile App verf\u00fcgen \u00fcber dieselben Funktionen. Nutzer k\u00f6nnen \u00fcber die Software sowie in Safari oder Google Chrome spielen, gewinnen und Geld auszahlen lassen. Die mobile App von Spinstein bietet einen schnelleren Zugriff und ist f\u00fcr die Touchscreen-Steuerung optimiert. Die Browser-Version bietet auf Desktop-Ger\u00e4ten eine gr\u00f6\u00dfere Benutzeroberfl\u00e4che.<\/p>\n<\/div><\/div><\/p>\n","protected":false},"excerpt":{"rendered":"<p>Spinstein App: Mobile Casino-Spiele Die Spinstein App wurde f\u00fcr den schnellen mobilen Zugriff auf unser Casino entwickelt. Die Software erm\u00f6glicht es unseren Kunden, alle Funktionen zu nutzen und jedes Spiel aus der Sammlung zu spielen. Sie bietet eine schnelle Navigation mit gestochen scharfen, fl\u00fcssigen Grafiken. Unsere App ist mit nur einem Klick auf jedem Ger\u00e4t [&hellip;]<\/p>\n","protected":false},"author":1,"featured_media":0,"parent":0,"menu_order":0,"comment_status":"closed","ping_status":"closed","template":"template-builder.php","meta":{"_acf_changed":false,"inline_featured_image":false,"footnotes":""},"class_list":["post-1442","page","type-page","status-publish","hentry"],"acf":[],"yoast_head":"<!-- This site is optimized with the Yoast SEO plugin v27.3 - https:\/\/yoast.com\/product\/yoast-seo-wordpress\/ -->\n<title>Spinstein App \u2013 iOS, Android | Herunterladen<\/title>\n<meta name=\"description\" content=\"Spinstein App \u2013 lade die mobile App f\u00fcr iOS und Android herunter, um Slots, Tischspiele und Live-Casino \u00fcberall zu spielen. Genie\u00dfe reibungslose Leistung und vollen Kontozugriff mit Spin Stein.\" \/>\n<meta name=\"robots\" content=\"index, follow, max-snippet:-1, max-image-preview:large, max-video-preview:-1\" \/>\n<link rel=\"canonical\" href=\"https:\/\/spinstein-casino.com\/de\/app\/\" \/>\n<meta property=\"og:locale\" content=\"de_DE\" \/>\n<meta property=\"og:type\" content=\"article\" \/>\n<meta property=\"og:title\" content=\"Spinstein App \u2013 iOS, Android | Herunterladen\" \/>\n<meta property=\"og:description\" content=\"Spinstein App \u2013 lade die mobile App f\u00fcr iOS und Android herunter, um Slots, Tischspiele und Live-Casino \u00fcberall zu spielen. Genie\u00dfe reibungslose Leistung und vollen Kontozugriff mit Spin Stein.\" \/>\n<meta property=\"og:url\" content=\"https:\/\/spinstein-casino.com\/de\/app\/\" \/>\n<meta property=\"og:site_name\" content=\"spinstein\" \/>\n<meta property=\"article:modified_time\" content=\"2026-04-02T13:40:42+00:00\" \/>\n<meta name=\"twitter:card\" content=\"summary_large_image\" \/>\n<meta name=\"twitter:label1\" content=\"Gesch\u00e4tzte Lesezeit\" \/>\n\t<meta name=\"twitter:data1\" content=\"1\u00a0Minute\" \/>\n<script type=\"application\/ld+json\" class=\"yoast-schema-graph\">{\"@context\":\"https:\\\/\\\/schema.org\",\"@graph\":[{\"@type\":\"WebPage\",\"@id\":\"https:\\\/\\\/spinstein-casino.com\\\/de\\\/app\\\/\",\"url\":\"https:\\\/\\\/spinstein-casino.com\\\/de\\\/app\\\/\",\"name\":\"Spinstein App \u2013 iOS, Android | Herunterladen\",\"isPartOf\":{\"@id\":\"https:\\\/\\\/spinstein-casino.com\\\/de\\\/#website\"},\"datePublished\":\"2026-01-20T12:08:23+00:00\",\"dateModified\":\"2026-04-02T13:40:42+00:00\",\"description\":\"Spinstein App \u2013 lade die mobile App f\u00fcr iOS und Android herunter, um Slots, Tischspiele und Live-Casino \u00fcberall zu spielen. Genie\u00dfe reibungslose Leistung und vollen Kontozugriff mit Spin Stein.\",\"breadcrumb\":{\"@id\":\"https:\\\/\\\/spinstein-casino.com\\\/de\\\/app\\\/#breadcrumb\"},\"inLanguage\":\"de\",\"potentialAction\":[{\"@type\":\"ReadAction\",\"target\":[\"https:\\\/\\\/spinstein-casino.com\\\/de\\\/app\\\/\"]}]},{\"@type\":\"BreadcrumbList\",\"@id\":\"https:\\\/\\\/spinstein-casino.com\\\/de\\\/app\\\/#breadcrumb\",\"itemListElement\":[{\"@type\":\"ListItem\",\"position\":1,\"name\":\"Spinstein\",\"item\":\"https:\\\/\\\/spinstein-casino.com\\\/de\\\/\"},{\"@type\":\"ListItem\",\"position\":2,\"name\":\"App\"}]},{\"@type\":\"WebSite\",\"@id\":\"https:\\\/\\\/spinstein-casino.com\\\/de\\\/#website\",\"url\":\"https:\\\/\\\/spinstein-casino.com\\\/de\\\/\",\"name\":\"Spinstein\",\"description\":\"\",\"publisher\":{\"@id\":\"https:\\\/\\\/spinstein-casino.com\\\/de\\\/#organization\"},\"potentialAction\":[{\"@type\":\"SearchAction\",\"target\":{\"@type\":\"EntryPoint\",\"urlTemplate\":\"https:\\\/\\\/spinstein-casino.com\\\/de\\\/?s={search_term_string}\"},\"query-input\":{\"@type\":\"PropertyValueSpecification\",\"valueRequired\":true,\"valueName\":\"search_term_string\"}}],\"inLanguage\":\"de\"},{\"@type\":\"Organization\",\"@id\":\"https:\\\/\\\/spinstein-casino.com\\\/de\\\/#organization\",\"name\":\"Spinstein\",\"url\":\"https:\\\/\\\/spinstein-casino.com\\\/de\\\/\",\"logo\":{\"@type\":\"ImageObject\",\"inLanguage\":\"de\",\"@id\":\"https:\\\/\\\/spinstein-casino.com\\\/de\\\/#\\\/schema\\\/logo\\\/image\\\/\",\"url\":\"https:\\\/\\\/spinstein-casino.com\\\/wp-content\\\/uploads\\\/2026\\\/04\\\/spinstein-logo.svg\",\"contentUrl\":\"https:\\\/\\\/spinstein-casino.com\\\/wp-content\\\/uploads\\\/2026\\\/04\\\/spinstein-logo.svg\",\"width\":83,\"height\":20,\"caption\":\"Spinstein\"},\"image\":{\"@id\":\"https:\\\/\\\/spinstein-casino.com\\\/de\\\/#\\\/schema\\\/logo\\\/image\\\/\"}}]}<\/script>\n<!-- \/ Yoast SEO plugin. -->","yoast_head_json":{"title":"Spinstein App \u2013 iOS, Android | Herunterladen","description":"Spinstein App \u2013 lade die mobile App f\u00fcr iOS und Android herunter, um Slots, Tischspiele und Live-Casino \u00fcberall zu spielen. Genie\u00dfe reibungslose Leistung und vollen Kontozugriff mit Spin Stein.","robots":{"index":"index","follow":"follow","max-snippet":"max-snippet:-1","max-image-preview":"max-image-preview:large","max-video-preview":"max-video-preview:-1"},"canonical":"https:\/\/spinstein-casino.com\/de\/app\/","og_locale":"de_DE","og_type":"article","og_title":"Spinstein App \u2013 iOS, Android | Herunterladen","og_description":"Spinstein App \u2013 lade die mobile App f\u00fcr iOS und Android herunter, um Slots, Tischspiele und Live-Casino \u00fcberall zu spielen. Genie\u00dfe reibungslose Leistung und vollen Kontozugriff mit Spin Stein.","og_url":"https:\/\/spinstein-casino.com\/de\/app\/","og_site_name":"spinstein","article_modified_time":"2026-04-02T13:40:42+00:00","twitter_card":"summary_large_image","twitter_misc":{"Gesch\u00e4tzte Lesezeit":"1\u00a0Minute"},"schema":{"@context":"https:\/\/schema.org","@graph":[{"@type":"WebPage","@id":"https:\/\/spinstein-casino.com\/de\/app\/","url":"https:\/\/spinstein-casino.com\/de\/app\/","name":"Spinstein App \u2013 iOS, Android | Herunterladen","isPartOf":{"@id":"https:\/\/spinstein-casino.com\/de\/#website"},"datePublished":"2026-01-20T12:08:23+00:00","dateModified":"2026-04-02T13:40:42+00:00","description":"Spinstein App \u2013 lade die mobile App f\u00fcr iOS und Android herunter, um Slots, Tischspiele und Live-Casino \u00fcberall zu spielen. Genie\u00dfe reibungslose Leistung und vollen Kontozugriff mit Spin Stein.","breadcrumb":{"@id":"https:\/\/spinstein-casino.com\/de\/app\/#breadcrumb"},"inLanguage":"de","potentialAction":[{"@type":"ReadAction","target":["https:\/\/spinstein-casino.com\/de\/app\/"]}]},{"@type":"BreadcrumbList","@id":"https:\/\/spinstein-casino.com\/de\/app\/#breadcrumb","itemListElement":[{"@type":"ListItem","position":1,"name":"Spinstein","item":"https:\/\/spinstein-casino.com\/de\/"},{"@type":"ListItem","position":2,"name":"App"}]},{"@type":"WebSite","@id":"https:\/\/spinstein-casino.com\/de\/#website","url":"https:\/\/spinstein-casino.com\/de\/","name":"Spinstein","description":"","publisher":{"@id":"https:\/\/spinstein-casino.com\/de\/#organization"},"potentialAction":[{"@type":"SearchAction","target":{"@type":"EntryPoint","urlTemplate":"https:\/\/spinstein-casino.com\/de\/?s={search_term_string}"},"query-input":{"@type":"PropertyValueSpecification","valueRequired":true,"valueName":"search_term_string"}}],"inLanguage":"de"},{"@type":"Organization","@id":"https:\/\/spinstein-casino.com\/de\/#organization","name":"Spinstein","url":"https:\/\/spinstein-casino.com\/de\/","logo":{"@type":"ImageObject","inLanguage":"de","@id":"https:\/\/spinstein-casino.com\/de\/#\/schema\/logo\/image\/","url":"https:\/\/spinstein-casino.com\/wp-content\/uploads\/2026\/04\/spinstein-logo.svg","contentUrl":"https:\/\/spinstein-casino.com\/wp-content\/uploads\/2026\/04\/spinstein-logo.svg","width":83,"height":20,"caption":"Spinstein"},"image":{"@id":"https:\/\/spinstein-casino.com\/de\/#\/schema\/logo\/image\/"}}]}},"_links":{"self":[{"href":"https:\/\/spinstein-casino.com\/de\/wp-json\/wp\/v2\/pages\/1442","targetHints":{"allow":["GET"]}}],"collection":[{"href":"https:\/\/spinstein-casino.com\/de\/wp-json\/wp\/v2\/pages"}],"about":[{"href":"https:\/\/spinstein-casino.com\/de\/wp-json\/wp\/v2\/types\/page"}],"author":[{"embeddable":true,"href":"https:\/\/spinstein-casino.com\/de\/wp-json\/wp\/v2\/users\/1"}],"replies":[{"embeddable":true,"href":"https:\/\/spinstein-casino.com\/de\/wp-json\/wp\/v2\/comments?post=1442"}],"version-history":[{"count":4,"href":"https:\/\/spinstein-casino.com\/de\/wp-json\/wp\/v2\/pages\/1442\/revisions"}],"predecessor-version":[{"id":2093,"href":"https:\/\/spinstein-casino.com\/de\/wp-json\/wp\/v2\/pages\/1442\/revisions\/2093"}],"wp:attachment":[{"href":"https:\/\/spinstein-casino.com\/de\/wp-json\/wp\/v2\/media?parent=1442"}],"curies":[{"name":"wp","href":"https:\/\/api.w.org\/{rel}","templated":true}]}}