{"id":1440,"date":"2026-01-20T12:08:23","date_gmt":"2026-01-20T12:08:23","guid":{"rendered":"https:\/\/bonuskongcasino.com\/app\/"},"modified":"2026-04-02T14:23:54","modified_gmt":"2026-04-02T13:23:54","slug":"app","status":"publish","type":"page","link":"https:\/\/spinstein-casino.com\/fr\/app\/","title":{"rendered":"App"},"content":{"rendered":"<h1>Application Spinstein : jeux de casino sur mobile<\/h1>\n<p>Spinstein app est con\u00e7ue pour un acc\u00e8s mobile rapide \u00e0 notre casino. Le logiciel permet \u00e0 nos clients d&rsquo;utiliser toutes les fonctionnalit\u00e9s et de jouer \u00e0 n&rsquo;importe quel jeu de la collection. Elle offre une navigation rapide avec des graphismes nets et fluides. Notre application est disponible en un seul clic sur n&rsquo;importe quel appareil.<\/p>\n<div class=\"banner-wrap\" aria-label=\"Banner\"><img src=\"https:\/\/spinstein-casino.com\/wp-content\/uploads\/Spinstein-banner-carousel-800\u0445400-1.webp\" class=\"w-100 d-none d-lg-block img-pc main-banner-img\" alt=\"Spinstein banner carousel\" fetchpriority=\"high\" decoding=\"async\"><img src=\"https:\/\/spinstein-casino.com\/wp-content\/uploads\/2026\/04\/spinstein-banner-mobile.webp\" class=\"w-100 d-none d-md-block d-lg-none main-banner-img\" alt=\"spinstein banner mobile\" fetchpriority=\"high\" decoding=\"async\"><img src=\"https:\/\/spinstein-casino.com\/wp-content\/uploads\/2026\/04\/spinstein-banner-mobile.webp\" class=\"w-100 d-md-none\" alt=\"spinstein banner mobile\" fetchpriority=\"high\" decoding=\"async\"><div class=\"banner-description\">\n<div class=\"banner-title\">Bonus de bienvenue<\/div>\n<p class=\"banner-header-title\">1500 \u20ac<\/p>\n<div class=\"banner-header-AdditionalText\">+ 250 Tours gratuits<\/div>\n<button data-item=\"homepage_banner_link\" class=\"goto m-button m-gradient-border m-button--primary m-button--large banner-button btn-orange\">\n            <div class=\"m-button-content\">\n                <span>Inscrivez-vous d\u00e8s maintenant<\/span>\n                <span><\/span>\n            <\/div>\n        <\/button>\n<\/div>\n<div class=\"WelcomePack\">\n<p><img loading=\"lazy\" decoding=\"async\" class=\"alignnone size-full wp-image-1891\" src=\"https:\/\/spinstein-casino.com\/wp-content\/uploads\/2026\/04\/welcome-crown-1.png\" alt=\"welcome crown\" width=\"25\" height=\"26\" \/><\/p>\n<div class=\"WelcomePack-Info\">Cashback hebdomadaire jusqu&rsquo;\u00e0 25 %<\/div>\n<p><img loading=\"lazy\" decoding=\"async\" class=\"alignnone size-full wp-image-1891\" src=\"https:\/\/spinstein-casino.com\/wp-content\/uploads\/2026\/04\/welcome-crown-1.png\" alt=\"welcome crown\" width=\"25\" height=\"26\" \/><\/p>\n<\/div>\n<\/div>\n<h2>Fonctionnalit\u00e9s de l&rsquo;application Spinstein<\/h2>\n<p>L&rsquo;application Spin Stein offre une exp\u00e9rience de jeu conviviale. Notre application dispose des m\u00eames fonctionnalit\u00e9s essentielles que la version pour ordinateur, mais avec des performances optimis\u00e9es pour les \u00e9crans tactiles. Les utilisateurs peuvent g\u00e9rer leur compte, jouer \u00e0 des jeux et utiliser toutes les fonctionnalit\u00e9s du casino. La version mobile offre des performances plus rapides et est accessible partout. Le site web pour ordinateur prend en charge les \u00e9crans plus grands et offre un affichage plus d\u00e9taill\u00e9.<\/p>\n<table>\n<tbody>\n<tr>\n<td>Fonctionnalit\u00e9<\/td>\n<td>Application mobile<\/td>\n<td>Version PC<\/td>\n<\/tr>\n<tr>\n<td>Accessibilit\u00e9<\/td>\n<td>Acc\u00e8s depuis un appareil mobile \u00e0 tout moment<\/td>\n<td>N\u00e9cessite un navigateur sur un ordinateur de bureau<\/td>\n<\/tr>\n<tr>\n<td>Performances<\/td>\n<td>Optimis\u00e9 pour un chargement rapide et une commande tactile<\/td>\n<td>Performances stables avec une capacit\u00e9 syst\u00e8me sup\u00e9rieure<\/td>\n<\/tr>\n<tr>\n<td>Interface utilisateur<\/td>\n<td>Adapt\u00e9e aux \u00e9crans mobiles et \u00e0 une navigation simple<\/td>\n<td>Interface plus spacieuse avec une mise en page d\u00e9taill\u00e9e<\/td>\n<\/tr>\n<tr>\n<td>Gestion du compte<\/td>\n<td>Acc\u00e8s complet aux d\u00e9p\u00f4ts, retraits et param\u00e8tres<\/td>\n<td>Acc\u00e8s complet via le navigateur<\/td>\n<\/tr>\n<tr>\n<td>Notifications<\/td>\n<td>Alertes en temps r\u00e9el pour les bonus et les mises \u00e0 jour<\/td>\n<td>Pas de notifications push<\/td>\n<\/tr>\n<tr>\n<td>Pratique<\/td>\n<td>Acc\u00e8s en un clic depuis l&rsquo;appareil<\/td>\n<td>N\u00e9cessite une connexion manuelle via un navigateur<\/td>\n<\/tr>\n<\/tbody>\n<\/table>\n<p><div class=\"scrollable-content-wrap my-5\"><div class=\"scrollable-content-inner\"><h2>Application Spinstein pour Android<\/h2>\n<p>L&rsquo;application Spinstein est compatible avec tous les appareils Android. Notre version mobile fonctionne sur n&rsquo;importe quel smartphone ou tablette. Les joueurs peuvent acc\u00e9der aux m\u00eames fonctionnalit\u00e9s que sur le site web pour ordinateur via le navigateur. L&rsquo;interface est optimis\u00e9e pour les syst\u00e8mes Android, garantissant des performances stables. Nous prenons en charge un chargement rapide pour une utilisation quotidienne.<\/p>\n<h3>APK Spinstein<\/h3>\n<p>Aucun fichier APK n&rsquo;est n\u00e9cessaire pour installer l&rsquo;application Spinstein Casino. Il n&rsquo;est pas n\u00e9cessaire de rechercher un fichier APK Spinstein sur le Play Store. Nous utilisons la technologie Progressive Web App pour un acc\u00e8s direct. Les joueurs peuvent installer le logiciel en un seul clic depuis leur navigateur. Le processus ne n\u00e9cessite aucun t\u00e9l\u00e9chargement depuis des sources externes. Le logiciel fonctionne en toute s\u00e9curit\u00e9 et se met \u00e0 jour automatiquement. Les joueurs peuvent lancer l&rsquo;application depuis l&rsquo;\u00e9cran d&rsquo;accueil en un seul clic.<\/p>\n<p><img loading=\"lazy\" decoding=\"async\" class=\"alignnone size-full wp-image-1942\" src=\"https:\/\/spinstein-casino.com\/wp-content\/uploads\/2026\/04\/Spinstein-Android-App.webp\" alt=\"Spinstein Android App\" width=\"1248\" height=\"536\" srcset=\"https:\/\/spinstein-casino.com\/wp-content\/uploads\/2026\/04\/Spinstein-Android-App.webp 1248w, https:\/\/spinstein-casino.com\/wp-content\/uploads\/2026\/04\/Spinstein-Android-App-300x129.webp 300w, https:\/\/spinstein-casino.com\/wp-content\/uploads\/2026\/04\/Spinstein-Android-App-1024x440.webp 1024w, https:\/\/spinstein-casino.com\/wp-content\/uploads\/2026\/04\/Spinstein-Android-App-768x330.webp 768w\" sizes=\"auto, (max-width: 1248px) 100vw, 1248px\" \/><\/p>\n<\/div><\/div><div style=\"clear: both\"><\/div><div class=\"d-flex justify-content-center\"><button data-item=\"decouvrez_link\" data-group=\"website_links\" class=\"goto fw-bold rounded-pill btn btn-orange\" aria-label=\"T\u00e9l\u00e9chargez l&#039;application Spinstein\" >T\u00e9l\u00e9chargez l&#039;application Spinstein<\/button><\/div><div class=\"scrollable-content-wrap my-5\"><div class=\"scrollable-content-inner\"><h2>Application Spinstein \u2013 iOS<\/h2>\n<p>Vous pouvez facilement acc\u00e9der \u00e0 l&rsquo;application Spinstain sur n&rsquo;importe quel appareil iOS. Notre logiciel fonctionne dans Safari en tant que solution web. Les joueurs peuvent utiliser toutes les fonctionnalit\u00e9s pour jouer ou g\u00e9rer leur compte. L&rsquo;interface est optimis\u00e9e pour les \u00e9crans d&rsquo;iPhone et d&rsquo;iPad. Nous garantissons un acc\u00e8s rapide sans avoir besoin de la t\u00e9l\u00e9charger depuis l&rsquo;App Store.<\/p>\n<p>Comment installer l&rsquo;application Spinstein sur iOS :<\/p>\n<ol>\n<li>Vous devez ouvrir le site web Spinstein dans Safari.<\/li>\n<li>Vous devez ensuite appuyer sur l&rsquo;ic\u00f4ne \u00ab Partager \u00bb en bas de l&rsquo;\u00e9cran.<\/li>\n<li>Apr\u00e8s cela, vous devez choisir \u00ab Ajouter \u00e0 l&rsquo;\u00e9cran d&rsquo;accueil \u00bb dans le menu et confirmer l&rsquo;action en appuyant sur \u00ab Ajouter \u00bb.<\/li>\n<\/ol>\n<p><img loading=\"lazy\" decoding=\"async\" class=\"alignnone size-full wp-image-1966\" src=\"https:\/\/spinstein-casino.com\/wp-content\/uploads\/2026\/04\/Spinstein-iOS-App.webp\" alt=\"Spinstein iOS App\" width=\"1248\" height=\"536\" srcset=\"https:\/\/spinstein-casino.com\/wp-content\/uploads\/2026\/04\/Spinstein-iOS-App.webp 1248w, https:\/\/spinstein-casino.com\/wp-content\/uploads\/2026\/04\/Spinstein-iOS-App-300x129.webp 300w, https:\/\/spinstein-casino.com\/wp-content\/uploads\/2026\/04\/Spinstein-iOS-App-1024x440.webp 1024w, https:\/\/spinstein-casino.com\/wp-content\/uploads\/2026\/04\/Spinstein-iOS-App-768x330.webp 768w\" sizes=\"auto, (max-width: 1248px) 100vw, 1248px\" \/><\/p>\n<\/div><\/div><div style=\"clear: both\"><\/div><div class=\"d-flex justify-content-center\"><button data-item=\"decouvrez_link\" data-group=\"website_links\" class=\"goto fw-bold rounded-pill btn btn-orange\" aria-label=\"T\u00e9l\u00e9chargez l&#039;application Spinstein\" >T\u00e9l\u00e9chargez l&#039;application Spinstein<\/button><\/div><div class=\"scrollable-content-wrap my-5\"><div class=\"scrollable-content-inner\"><h2>Spin Stein Casino \u2013 Version pour ordinateur<\/h2>\n<p>Vous pouvez installer l&rsquo;application de bureau Spinstein Casino pour acc\u00e9der rapidement \u00e0 notre site web. Les joueurs peuvent utiliser la plateforme sur Windows et macOS sans installer de logiciel. La version de bureau fonctionne comme une application web dans votre navigateur et prend en charge toutes les fonctionnalit\u00e9s du casino mobile.<\/p>\n<p>Nous avons optimis\u00e9 la version pour ordinateur de bureau pour les grands \u00e9crans. Les jeux avec croupier en direct offrent une vid\u00e9o de haute qualit\u00e9. Dans la version PC, vous pouvez jouer aux machines \u00e0 sous en ligne en mode plein \u00e9cran. Les utilisateurs peuvent g\u00e9rer leurs d\u00e9p\u00f4ts et retraits dans le menu principal.<\/p>\n<p>Un raccourci Spinstein Casino est cr\u00e9\u00e9 sur votre bureau pour un acc\u00e8s rapide. Il ouvre la plateforme en un seul clic. L&rsquo;avantage de l&rsquo;application est que vous pouvez recevoir des notifications concernant les mises \u00e0 jour du casino et toutes les derni\u00e8res actualit\u00e9s.<\/p>\n<h2>S\u00e9curit\u00e9 et \u00e9quit\u00e9<\/h2>\n<p>Sur Spinstein Casino, une v\u00e9rification est requise pour les retraits et les demandes de bonus. Les joueurs doivent suivre la proc\u00e9dure \u00ab Know Your Customer \u00bb (KYC) pour confirmer leur identit\u00e9. Les documents requis comprennent une preuve d&rsquo;\u00e2ge, une preuve d&rsquo;adresse et des informations de paiement. La proc\u00e9dure de v\u00e9rification est n\u00e9cessaire pour garantir la s\u00e9curit\u00e9 de tous les utilisateurs. Les joueurs de Spinstein peuvent effectuer cette proc\u00e9dure dans notre application.<\/p>\n<p>Voici quelques-unes de nos mesures de s\u00e9curit\u00e9 :<\/p>\n<ul>\n<li>S\u00e9curit\u00e9 TLS \u2013 Nous utilisons le cryptage TLS 1.3 et le protocole HTTPS avec des certificats valides pour prot\u00e9ger les transferts de donn\u00e9es.<\/li>\n<li>Surveillance des transactions \u2013 Les retraits sont examin\u00e9s manuellement et toutes les activit\u00e9s de paiement sont surveill\u00e9es en temps r\u00e9el.<\/li>\n<li>\u00c9quit\u00e9 des jeux \u2013 Tous les jeux fonctionnent avec des g\u00e9n\u00e9rateurs de nombres al\u00e9atoires certifi\u00e9s. Des laboratoires ind\u00e9pendants testent r\u00e9guli\u00e8rement nos syst\u00e8mes.<\/li>\n<li>S\u00e9curit\u00e9 du syst\u00e8me \u2013 Nous utilisons des pare-feu, une protection DDoS et des syst\u00e8mes de d\u00e9tection d&rsquo;intrusion pour s\u00e9curiser la plateforme.<\/li>\n<li>S\u00e9curit\u00e9 des comptes \u2013 L&rsquo;authentification \u00e0 deux facteurs et le CAPTCHA emp\u00eachent tout acc\u00e8s non autoris\u00e9 et automatis\u00e9.<\/li>\n<\/ul>\n<p><img loading=\"lazy\" decoding=\"async\" class=\"alignnone size-full wp-image-1958\" src=\"https:\/\/spinstein-casino.com\/wp-content\/uploads\/2026\/04\/Spinstein-Desktop.webp\" alt=\"Spinstein Desktop\" width=\"1248\" height=\"536\" srcset=\"https:\/\/spinstein-casino.com\/wp-content\/uploads\/2026\/04\/Spinstein-Desktop.webp 1248w, https:\/\/spinstein-casino.com\/wp-content\/uploads\/2026\/04\/Spinstein-Desktop-300x129.webp 300w, https:\/\/spinstein-casino.com\/wp-content\/uploads\/2026\/04\/Spinstein-Desktop-1024x440.webp 1024w, https:\/\/spinstein-casino.com\/wp-content\/uploads\/2026\/04\/Spinstein-Desktop-768x330.webp 768w\" sizes=\"auto, (max-width: 1248px) 100vw, 1248px\" \/><\/p>\n<\/div><\/div><div style=\"clear: both\"><\/div><div class=\"d-flex justify-content-center\"><button data-item=\"decouvrez_link\" data-group=\"website_links\" class=\"goto fw-bold rounded-pill btn btn-orange\" aria-label=\"T\u00e9l\u00e9chargez l&#039;application Spinstein\" >T\u00e9l\u00e9chargez l&#039;application Spinstein<\/button><\/div><div class=\"scrollable-content-wrap my-5\"><div class=\"scrollable-content-inner\"><h2>FAQ<\/h2>\n<h3>Quelle est la configuration minimale requise pour l&rsquo;application ?<\/h3>\n<p>L&rsquo;application Spinstein fonctionne sur la plupart des appareils mobiles. Nous prenons en charge les appareils Android et iOS \u00e9quip\u00e9s de navigateurs \u00e0 jour. Une connexion Internet stable est n\u00e9cessaire pour que l&rsquo;application fonctionne correctement. Nous optimisons r\u00e9guli\u00e8rement la plateforme pour une utilisation sur divers appareils. Les mises \u00e0 jour automatiques du syst\u00e8me garantissent le bon fonctionnement continu du logiciel.<\/p>\n<h3>Comment installer le fichier APK sur mon appareil Android ?<\/h3>\n<p>Nous n&rsquo;utilisons pas de fichiers APK pour l&rsquo;installation. Spin Stein est accessible via une application web progressive. Les joueurs peuvent installer le logiciel directement depuis leur navigateur en un seul clic. Aucun t\u00e9l\u00e9chargement depuis des sources externes n&rsquo;est n\u00e9cessaire. L&rsquo;application s&rsquo;installe rapidement et se met \u00e0 jour automatiquement. Les joueurs peuvent lancer le logiciel \u00e0 tout moment.<\/p>\n<h3>Puis-je utiliser mon compte existant dans l&rsquo;application mobile ?<\/h3>\n<p>Les joueurs peuvent utiliser leur compte Spinstein existant dans l&rsquo;application mobile. Notre logiciel permet une synchronisation compl\u00e8te sur tous les appareils. Si vous avez des questions concernant le processus d&rsquo;installation, vous pouvez contacter notre \u00e9quipe d&rsquo;assistance. Nos sp\u00e9cialistes sont disponibles via le chat en direct ou par e-mail.<\/p>\n<h3>Y a-t-il une diff\u00e9rence entre l&rsquo;application et la version navigateur ?<\/h3>\n<p>La version navigateur et l&rsquo;application mobile offrent les m\u00eames fonctionnalit\u00e9s. Les utilisateurs peuvent jouer, gagner et retirer de l&rsquo;argent via le logiciel ainsi que sur Safari ou Google Chrome. L&rsquo;application mobile Spin Stein offre un acc\u00e8s plus rapide et est optimis\u00e9e pour les commandes tactiles. La version navigateur propose une interface plus grande sur les appareils de bureau.<\/p>\n<\/div><\/div><\/p>\n","protected":false},"excerpt":{"rendered":"<p>Application Spinstein : jeux de casino sur mobile Spinstein app est con\u00e7ue pour un acc\u00e8s mobile rapide \u00e0 notre casino. Le logiciel permet \u00e0 nos clients d&rsquo;utiliser toutes les fonctionnalit\u00e9s et de jouer \u00e0 n&rsquo;importe quel jeu de la collection. Elle offre une navigation rapide avec des graphismes nets et fluides. Notre application est disponible [&hellip;]<\/p>\n","protected":false},"author":1,"featured_media":0,"parent":0,"menu_order":0,"comment_status":"closed","ping_status":"closed","template":"template-builder.php","meta":{"_acf_changed":false,"inline_featured_image":false,"footnotes":""},"class_list":["post-1440","page","type-page","status-publish","hentry"],"acf":[],"yoast_head":"<!-- This site is optimized with the Yoast SEO plugin v27.3 - https:\/\/yoast.com\/product\/yoast-seo-wordpress\/ -->\n<title>Spinstein App \u2013 iOS, Android | T\u00e9l\u00e9charger<\/title>\n<meta name=\"description\" content=\"Spinstein App \u2013 t\u00e9l\u00e9chargez l&#039;application mobile pour iOS et Android pour jouer aux machines \u00e0 sous, jeux de table et casino en direct partout. Profitez de performances fluides et d&#039;un acc\u00e8s complet \u00e0 votre compte avec Spin Stein.\" \/>\n<meta name=\"robots\" content=\"index, follow, max-snippet:-1, max-image-preview:large, max-video-preview:-1\" \/>\n<link rel=\"canonical\" href=\"https:\/\/spinstein-casino.com\/fr\/app\/\" \/>\n<meta property=\"og:locale\" content=\"fr_FR\" \/>\n<meta property=\"og:type\" content=\"article\" \/>\n<meta property=\"og:title\" content=\"Spinstein App \u2013 iOS, Android | T\u00e9l\u00e9charger\" \/>\n<meta property=\"og:description\" content=\"Spinstein App \u2013 t\u00e9l\u00e9chargez l&#039;application mobile pour iOS et Android pour jouer aux machines \u00e0 sous, jeux de table et casino en direct partout. Profitez de performances fluides et d&#039;un acc\u00e8s complet \u00e0 votre compte avec Spin Stein.\" \/>\n<meta property=\"og:url\" content=\"https:\/\/spinstein-casino.com\/fr\/app\/\" \/>\n<meta property=\"og:site_name\" content=\"spinstein\" \/>\n<meta property=\"article:modified_time\" content=\"2026-04-02T13:23:54+00:00\" \/>\n<meta name=\"twitter:card\" content=\"summary_large_image\" \/>\n<meta name=\"twitter:label1\" content=\"Dur\u00e9e de lecture estim\u00e9e\" \/>\n\t<meta name=\"twitter:data1\" content=\"2 minutes\" \/>\n<script type=\"application\/ld+json\" class=\"yoast-schema-graph\">{\"@context\":\"https:\\\/\\\/schema.org\",\"@graph\":[{\"@type\":\"WebPage\",\"@id\":\"https:\\\/\\\/spinstein-casino.com\\\/fr\\\/app\\\/\",\"url\":\"https:\\\/\\\/spinstein-casino.com\\\/fr\\\/app\\\/\",\"name\":\"Spinstein App \u2013 iOS, Android | T\u00e9l\u00e9charger\",\"isPartOf\":{\"@id\":\"https:\\\/\\\/spinstein-casino.com\\\/fr\\\/#website\"},\"datePublished\":\"2026-01-20T12:08:23+00:00\",\"dateModified\":\"2026-04-02T13:23:54+00:00\",\"description\":\"Spinstein App \u2013 t\u00e9l\u00e9chargez l'application mobile pour iOS et Android pour jouer aux machines \u00e0 sous, jeux de table et casino en direct partout. Profitez de performances fluides et d'un acc\u00e8s complet \u00e0 votre compte avec Spin Stein.\",\"breadcrumb\":{\"@id\":\"https:\\\/\\\/spinstein-casino.com\\\/fr\\\/app\\\/#breadcrumb\"},\"inLanguage\":\"fr-FR\",\"potentialAction\":[{\"@type\":\"ReadAction\",\"target\":[\"https:\\\/\\\/spinstein-casino.com\\\/fr\\\/app\\\/\"]}]},{\"@type\":\"BreadcrumbList\",\"@id\":\"https:\\\/\\\/spinstein-casino.com\\\/fr\\\/app\\\/#breadcrumb\",\"itemListElement\":[{\"@type\":\"ListItem\",\"position\":1,\"name\":\"Spinstein\",\"item\":\"https:\\\/\\\/spinstein-casino.com\\\/fr\\\/\"},{\"@type\":\"ListItem\",\"position\":2,\"name\":\"App\"}]},{\"@type\":\"WebSite\",\"@id\":\"https:\\\/\\\/spinstein-casino.com\\\/fr\\\/#website\",\"url\":\"https:\\\/\\\/spinstein-casino.com\\\/fr\\\/\",\"name\":\"Spinstein\",\"description\":\"\",\"publisher\":{\"@id\":\"https:\\\/\\\/spinstein-casino.com\\\/fr\\\/#organization\"},\"potentialAction\":[{\"@type\":\"SearchAction\",\"target\":{\"@type\":\"EntryPoint\",\"urlTemplate\":\"https:\\\/\\\/spinstein-casino.com\\\/fr\\\/?s={search_term_string}\"},\"query-input\":{\"@type\":\"PropertyValueSpecification\",\"valueRequired\":true,\"valueName\":\"search_term_string\"}}],\"inLanguage\":\"fr-FR\"},{\"@type\":\"Organization\",\"@id\":\"https:\\\/\\\/spinstein-casino.com\\\/fr\\\/#organization\",\"name\":\"Spinstein\",\"url\":\"https:\\\/\\\/spinstein-casino.com\\\/fr\\\/\",\"logo\":{\"@type\":\"ImageObject\",\"inLanguage\":\"fr-FR\",\"@id\":\"https:\\\/\\\/spinstein-casino.com\\\/fr\\\/#\\\/schema\\\/logo\\\/image\\\/\",\"url\":\"https:\\\/\\\/spinstein-casino.com\\\/wp-content\\\/uploads\\\/2026\\\/04\\\/spinstein-logo.svg\",\"contentUrl\":\"https:\\\/\\\/spinstein-casino.com\\\/wp-content\\\/uploads\\\/2026\\\/04\\\/spinstein-logo.svg\",\"width\":83,\"height\":20,\"caption\":\"Spinstein\"},\"image\":{\"@id\":\"https:\\\/\\\/spinstein-casino.com\\\/fr\\\/#\\\/schema\\\/logo\\\/image\\\/\"}}]}<\/script>\n<!-- \/ Yoast SEO plugin. -->","yoast_head_json":{"title":"Spinstein App \u2013 iOS, Android | T\u00e9l\u00e9charger","description":"Spinstein App \u2013 t\u00e9l\u00e9chargez l'application mobile pour iOS et Android pour jouer aux machines \u00e0 sous, jeux de table et casino en direct partout. Profitez de performances fluides et d'un acc\u00e8s complet \u00e0 votre compte avec Spin Stein.","robots":{"index":"index","follow":"follow","max-snippet":"max-snippet:-1","max-image-preview":"max-image-preview:large","max-video-preview":"max-video-preview:-1"},"canonical":"https:\/\/spinstein-casino.com\/fr\/app\/","og_locale":"fr_FR","og_type":"article","og_title":"Spinstein App \u2013 iOS, Android | T\u00e9l\u00e9charger","og_description":"Spinstein App \u2013 t\u00e9l\u00e9chargez l'application mobile pour iOS et Android pour jouer aux machines \u00e0 sous, jeux de table et casino en direct partout. Profitez de performances fluides et d'un acc\u00e8s complet \u00e0 votre compte avec Spin Stein.","og_url":"https:\/\/spinstein-casino.com\/fr\/app\/","og_site_name":"spinstein","article_modified_time":"2026-04-02T13:23:54+00:00","twitter_card":"summary_large_image","twitter_misc":{"Dur\u00e9e de lecture estim\u00e9e":"2 minutes"},"schema":{"@context":"https:\/\/schema.org","@graph":[{"@type":"WebPage","@id":"https:\/\/spinstein-casino.com\/fr\/app\/","url":"https:\/\/spinstein-casino.com\/fr\/app\/","name":"Spinstein App \u2013 iOS, Android | T\u00e9l\u00e9charger","isPartOf":{"@id":"https:\/\/spinstein-casino.com\/fr\/#website"},"datePublished":"2026-01-20T12:08:23+00:00","dateModified":"2026-04-02T13:23:54+00:00","description":"Spinstein App \u2013 t\u00e9l\u00e9chargez l'application mobile pour iOS et Android pour jouer aux machines \u00e0 sous, jeux de table et casino en direct partout. Profitez de performances fluides et d'un acc\u00e8s complet \u00e0 votre compte avec Spin Stein.","breadcrumb":{"@id":"https:\/\/spinstein-casino.com\/fr\/app\/#breadcrumb"},"inLanguage":"fr-FR","potentialAction":[{"@type":"ReadAction","target":["https:\/\/spinstein-casino.com\/fr\/app\/"]}]},{"@type":"BreadcrumbList","@id":"https:\/\/spinstein-casino.com\/fr\/app\/#breadcrumb","itemListElement":[{"@type":"ListItem","position":1,"name":"Spinstein","item":"https:\/\/spinstein-casino.com\/fr\/"},{"@type":"ListItem","position":2,"name":"App"}]},{"@type":"WebSite","@id":"https:\/\/spinstein-casino.com\/fr\/#website","url":"https:\/\/spinstein-casino.com\/fr\/","name":"Spinstein","description":"","publisher":{"@id":"https:\/\/spinstein-casino.com\/fr\/#organization"},"potentialAction":[{"@type":"SearchAction","target":{"@type":"EntryPoint","urlTemplate":"https:\/\/spinstein-casino.com\/fr\/?s={search_term_string}"},"query-input":{"@type":"PropertyValueSpecification","valueRequired":true,"valueName":"search_term_string"}}],"inLanguage":"fr-FR"},{"@type":"Organization","@id":"https:\/\/spinstein-casino.com\/fr\/#organization","name":"Spinstein","url":"https:\/\/spinstein-casino.com\/fr\/","logo":{"@type":"ImageObject","inLanguage":"fr-FR","@id":"https:\/\/spinstein-casino.com\/fr\/#\/schema\/logo\/image\/","url":"https:\/\/spinstein-casino.com\/wp-content\/uploads\/2026\/04\/spinstein-logo.svg","contentUrl":"https:\/\/spinstein-casino.com\/wp-content\/uploads\/2026\/04\/spinstein-logo.svg","width":83,"height":20,"caption":"Spinstein"},"image":{"@id":"https:\/\/spinstein-casino.com\/fr\/#\/schema\/logo\/image\/"}}]}},"_links":{"self":[{"href":"https:\/\/spinstein-casino.com\/fr\/wp-json\/wp\/v2\/pages\/1440","targetHints":{"allow":["GET"]}}],"collection":[{"href":"https:\/\/spinstein-casino.com\/fr\/wp-json\/wp\/v2\/pages"}],"about":[{"href":"https:\/\/spinstein-casino.com\/fr\/wp-json\/wp\/v2\/types\/page"}],"author":[{"embeddable":true,"href":"https:\/\/spinstein-casino.com\/fr\/wp-json\/wp\/v2\/users\/1"}],"replies":[{"embeddable":true,"href":"https:\/\/spinstein-casino.com\/fr\/wp-json\/wp\/v2\/comments?post=1440"}],"version-history":[{"count":4,"href":"https:\/\/spinstein-casino.com\/fr\/wp-json\/wp\/v2\/pages\/1440\/revisions"}],"predecessor-version":[{"id":2085,"href":"https:\/\/spinstein-casino.com\/fr\/wp-json\/wp\/v2\/pages\/1440\/revisions\/2085"}],"wp:attachment":[{"href":"https:\/\/spinstein-casino.com\/fr\/wp-json\/wp\/v2\/media?parent=1440"}],"curies":[{"name":"wp","href":"https:\/\/api.w.org\/{rel}","templated":true}]}}