{"id":1445,"date":"2026-01-20T12:08:23","date_gmt":"2026-01-20T12:08:23","guid":{"rendered":"https:\/\/bonuskongcasino.com\/app\/"},"modified":"2026-04-02T15:22:55","modified_gmt":"2026-04-02T14:22:55","slug":"applicazione","status":"publish","type":"page","link":"https:\/\/spinstein-casino.com\/it\/applicazione\/","title":{"rendered":"Applicazione"},"content":{"rendered":"<h1>App Spinstein: giochi da casin\u00f2 mobile<\/h1>\n<p>Spinstein app \u00e8 progettata per un rapido accesso mobile al nostro casin\u00f2. Il software consente ai nostri clienti italiani di utilizzare tutte le funzionalit\u00e0 e di giocare a qualsiasi gioco della collezione. Offre una navigazione veloce con una grafica nitida e fluida. La nostra app \u00e8 disponibile con un solo clic su qualsiasi dispositivo.<\/p>\n<div class=\"banner-wrap\" aria-label=\"Banner\"><img src=\"https:\/\/spinstein-casino.com\/wp-content\/uploads\/Spinstein-banner-carousel-800\u0445400-1.webp\" class=\"w-100 d-none d-lg-block img-pc main-banner-img\" alt=\"Spinstein banner carousel\" fetchpriority=\"high\" decoding=\"async\"><img src=\"https:\/\/spinstein-casino.com\/wp-content\/uploads\/2026\/04\/spinstein-banner-mobile.webp\" class=\"w-100 d-none d-md-block d-lg-none main-banner-img\" alt=\"spinstein banner mobile\" fetchpriority=\"high\" decoding=\"async\"><img src=\"https:\/\/spinstein-casino.com\/wp-content\/uploads\/2026\/04\/spinstein-banner-mobile.webp\" class=\"w-100 d-md-none\" alt=\"spinstein banner mobile\" fetchpriority=\"high\" decoding=\"async\"><div class=\"banner-description\">\n<div class=\"banner-title\">Bonus di benvenuto<\/div>\n<p class=\"banner-header-title\">1500 \u20ac<\/p>\n<div class=\"banner-header-AdditionalText\">+ 250 Giri gratuiti<\/div>\n<button data-item=\"homepage_banner_link\" class=\"goto m-button m-gradient-border m-button--primary m-button--large banner-button btn-orange\">\n            <div class=\"m-button-content\">\n                <span>Iscriviti ora<\/span>\n                <span><\/span>\n            <\/div>\n        <\/button>\n<\/div>\n<div class=\"WelcomePack\">\n<p><img loading=\"lazy\" decoding=\"async\" class=\"alignnone size-full wp-image-1894\" src=\"https:\/\/spinstein-casino.com\/wp-content\/uploads\/2026\/04\/welcome-crown-1.png\" alt=\"welcome crown\" width=\"25\" height=\"26\" \/><\/p>\n<div class=\"WelcomePack-Info\">Cashback settimanale fino al 25%<\/div>\n<p><img loading=\"lazy\" decoding=\"async\" class=\"alignnone size-full wp-image-1894\" src=\"https:\/\/spinstein-casino.com\/wp-content\/uploads\/2026\/04\/welcome-crown-1.png\" alt=\"welcome crown\" width=\"25\" height=\"26\" \/><\/p>\n<\/div>\n<\/div>\n<h2>Funzionalit\u00e0 dell&#8217;app Spinstein<\/h2>\n<p>L&#8217;app Spin Stein offre un&#8217;esperienza di gioco intuitiva. La nostra applicazione presenta le stesse funzionalit\u00e0 principali della versione desktop, ma con prestazioni ottimizzate per i touchscreen. Gli utenti possono gestire i propri account, giocare e utilizzare tutte le funzioni del casin\u00f2. La versione mobile offre prestazioni pi\u00f9 veloci ed \u00e8 accessibile ovunque. Il sito web desktop supporta schermi pi\u00f9 grandi e una visualizzazione pi\u00f9 dettagliata.<\/p>\n<table>\n<tbody>\n<tr>\n<td>Caratteristiche<\/td>\n<td>App mobile<\/td>\n<td>Versione PC<\/td>\n<\/tr>\n<tr>\n<td>Accessibilit\u00e0<\/td>\n<td>Accesso da un dispositivo mobile in qualsiasi momento<\/td>\n<td>Richiede l&#8217;accesso tramite browser su un computer<\/td>\n<\/tr>\n<tr>\n<td>Prestazioni<\/td>\n<td>Ottimizzata per un caricamento veloce e il controllo touch<\/td>\n<td>Prestazioni stabili con una maggiore capacit\u00e0 di sistema<\/td>\n<\/tr>\n<tr>\n<td>Interfaccia utente<\/td>\n<td>Adattata agli schermi dei dispositivi mobili e con navigazione semplice<\/td>\n<td>Interfaccia pi\u00f9 ampia con layout dettagliato<\/td>\n<\/tr>\n<tr>\n<td>Gestione account<\/td>\n<td>Accesso completo a depositi, prelievi e impostazioni<\/td>\n<td>Accesso completo tramite browser<\/td>\n<\/tr>\n<tr>\n<td>Notifiche<\/td>\n<td>Avvisi in tempo reale per bonus e aggiornamenti<\/td>\n<td>Nessuna notifica push<\/td>\n<\/tr>\n<tr>\n<td>Comodit\u00e0<\/td>\n<td>Accesso con un solo tocco dal dispositivo<\/td>\n<td>Richiede l&#8217;accesso manuale tramite browser<\/td>\n<\/tr>\n<\/tbody>\n<\/table>\n<p><div class=\"scrollable-content-wrap my-5\"><div class=\"scrollable-content-inner\"><h2>App Spinstein per sistema operativo Android<\/h2>\n<p>L&#8217;app Spinstein \u00e8 compatibile con tutti i dispositivi Android. La nostra versione mobile funziona su qualsiasi smartphone o tablet. I giocatori possono accedere alle stesse funzionalit\u00e0 del sito web desktop tramite il browser. L&#8217;interfaccia \u00e8 ottimizzata per i sistemi Android, garantendo prestazioni stabili. Supportiamo il caricamento veloce per l&#8217;uso quotidiano.<\/p>\n<h3>APK di Spin Stein<\/h3>\n<p>Non sono necessari file APK per installare l&#8217;app Spinstein Casino. Non \u00e8 necessario cercare un file APK Spinstein sul Play Store. Utilizziamo la tecnologia Progressive Web App per l&#8217;accesso diretto. I giocatori possono installare il software con un solo clic dal proprio browser. Il processo non richiede il download da fonti esterne. Il software funziona in modo sicuro e si aggiorna automaticamente. I giocatori possono avviare l&#8217;app dalla schermata iniziale con un solo clic.<\/p>\n<p><img loading=\"lazy\" decoding=\"async\" class=\"alignnone size-full wp-image-1945\" src=\"https:\/\/spinstein-casino.com\/wp-content\/uploads\/2026\/04\/Spinstein-Android-App.webp\" alt=\"Spinstein Android App\" width=\"1248\" height=\"536\" srcset=\"https:\/\/spinstein-casino.com\/wp-content\/uploads\/2026\/04\/Spinstein-Android-App.webp 1248w, https:\/\/spinstein-casino.com\/wp-content\/uploads\/2026\/04\/Spinstein-Android-App-300x129.webp 300w, https:\/\/spinstein-casino.com\/wp-content\/uploads\/2026\/04\/Spinstein-Android-App-1024x440.webp 1024w, https:\/\/spinstein-casino.com\/wp-content\/uploads\/2026\/04\/Spinstein-Android-App-768x330.webp 768w\" sizes=\"auto, (max-width: 1248px) 100vw, 1248px\" \/><\/p>\n<\/div><\/div><div style=\"clear: both\"><\/div><div class=\"d-flex justify-content-center\"><button data-item=\"decouvrez_link\" data-group=\"website_links\" class=\"goto fw-bold rounded-pill btn btn-orange\" aria-label=\"Scarica l&#039;app Spinstein\" >Scarica l&#039;app Spinstein<\/button><\/div><div class=\"scrollable-content-wrap my-5\"><div class=\"scrollable-content-inner\"><h2>App Spinstein \u2013 iOS<\/h2>\n<p>Puoi accedere facilmente all&#8217;app Spinstain su qualsiasi dispositivo iOS. Il nostro software funziona su Safari come soluzione basata sul web. I giocatori possono utilizzare tutte le funzionalit\u00e0 per il gioco o la gestione dell&#8217;account. L&#8217;interfaccia \u00e8 ottimizzata per gli schermi di iPhone e iPad. Garantiamo un accesso rapido senza bisogno di scaricarla dall&#8217;App Store.<\/p>\n<p>Come installare l&#8217;app Spinstein su iOS:<\/p>\n<ol>\n<li>\u00c8 necessario aprire il sito web di Spinstein in Safari.<\/li>\n<li>Quindi, tocca l\u2019icona \u201cCondividi\u201d nella parte inferiore dello schermo.<\/li>\n<li>Dopodich\u00e9, devi selezionare &#8220;Aggiungi alla schermata Home&#8221; dal menu e confermare l&#8217;azione toccando &#8220;Aggiungi&#8221;.<\/li>\n<\/ol>\n<p><img loading=\"lazy\" decoding=\"async\" class=\"alignnone size-full wp-image-1969\" src=\"https:\/\/spinstein-casino.com\/wp-content\/uploads\/2026\/04\/Spinstein-iOS-App.webp\" alt=\"Spinstein iOS App\" width=\"1248\" height=\"536\" srcset=\"https:\/\/spinstein-casino.com\/wp-content\/uploads\/2026\/04\/Spinstein-iOS-App.webp 1248w, https:\/\/spinstein-casino.com\/wp-content\/uploads\/2026\/04\/Spinstein-iOS-App-300x129.webp 300w, https:\/\/spinstein-casino.com\/wp-content\/uploads\/2026\/04\/Spinstein-iOS-App-1024x440.webp 1024w, https:\/\/spinstein-casino.com\/wp-content\/uploads\/2026\/04\/Spinstein-iOS-App-768x330.webp 768w\" sizes=\"auto, (max-width: 1248px) 100vw, 1248px\" \/><\/p>\n<\/div><\/div><div style=\"clear: both\"><\/div><div class=\"d-flex justify-content-center\"><button data-item=\"decouvrez_link\" data-group=\"website_links\" class=\"goto fw-bold rounded-pill btn btn-orange\" aria-label=\"Scarica l&#039;app Spinstein\" >Scarica l&#039;app Spinstein<\/button><\/div><div class=\"scrollable-content-wrap my-5\"><div class=\"scrollable-content-inner\"><h2>Spin Stein Casino \u2013 Versione desktop<\/h2>\n<p>\u00c8 possibile installare l&#8217;app desktop di Spinstein Casino per accedere rapidamente al nostro sito web. I giocatori possono utilizzare la piattaforma su Windows e macOS senza installare alcun software. La versione desktop funziona come un&#8217;app web nel browser e supporta tutte le funzionalit\u00e0 del casin\u00f2 mobile.<\/p>\n<p>Abbiamo ottimizzato la versione desktop per schermi di grandi dimensioni. I giochi con croupier dal vivo offrono video di alta qualit\u00e0. Nella versione per PC, puoi giocare alle slot online in modalit\u00e0 a schermo intero. Gli utenti possono gestire depositi e prelievi nel menu principale.<\/p>\n<p>Il collegamento a Spinstein Casino viene creato sul desktop per un accesso rapido. Si apre la piattaforma con un solo clic. Il vantaggio dell&#8217;app \u00e8 che \u00e8 possibile ricevere notifiche sugli aggiornamenti del casin\u00f2 e su tutte le ultime notizie.<\/p>\n<h2>Sicurezza e correttezza<\/h2>\n<p>Su Spinstein Casino, la verifica \u00e8 richiesta per i prelievi e la richiesta di bonus. I giocatori devono completare la procedura Know Your Customer (KYC) per confermare la propria identit\u00e0. I documenti richiesti includono un documento di identit\u00e0, un documento che attesti l&#8217;indirizzo e le informazioni di pagamento. Il processo di verifica \u00e8 necessario per garantire la sicurezza di tutti gli utenti. I giocatori di Spinstein possono completare la procedura nella nostra app.<\/p>\n<p>Alcune delle nostre misure di sicurezza:<\/p>\n<ul>\n<li>Sicurezza TLS \u2013 Utilizziamo la crittografia TLS 1.3 e HTTPS con certificati validi per proteggere i trasferimenti di dati.<\/li>\n<li>Monitoraggio delle transazioni \u2013 I prelievi vengono controllati manualmente e tutte le attivit\u00e0 di pagamento vengono monitorate in tempo reale.<\/li>\n<li>Equit\u00e0 dei giochi \u2013 Tutti i giochi funzionano con generatori di numeri casuali certificati. Laboratori indipendenti testano regolarmente i nostri sistemi.<\/li>\n<li>Sicurezza del sistema \u2013 Utilizziamo firewall, protezione DDoS e sistemi di rilevamento delle intrusioni per proteggere la piattaforma.<\/li>\n<li>Sicurezza dell&#8217;account \u2013 L&#8217;autenticazione a due fattori e il CAPTCHA impediscono l&#8217;accesso non autorizzato e automatizzato.<\/li>\n<\/ul>\n<p><img loading=\"lazy\" decoding=\"async\" class=\"alignnone size-full wp-image-1961\" src=\"https:\/\/spinstein-casino.com\/wp-content\/uploads\/2026\/04\/Spinstein-Desktop.webp\" alt=\"Spinstein Desktop\" width=\"1248\" height=\"536\" srcset=\"https:\/\/spinstein-casino.com\/wp-content\/uploads\/2026\/04\/Spinstein-Desktop.webp 1248w, https:\/\/spinstein-casino.com\/wp-content\/uploads\/2026\/04\/Spinstein-Desktop-300x129.webp 300w, https:\/\/spinstein-casino.com\/wp-content\/uploads\/2026\/04\/Spinstein-Desktop-1024x440.webp 1024w, https:\/\/spinstein-casino.com\/wp-content\/uploads\/2026\/04\/Spinstein-Desktop-768x330.webp 768w\" sizes=\"auto, (max-width: 1248px) 100vw, 1248px\" \/><\/p>\n<\/div><\/div><div style=\"clear: both\"><\/div><div class=\"d-flex justify-content-center\"><button data-item=\"decouvrez_link\" data-group=\"website_links\" class=\"goto fw-bold rounded-pill btn btn-orange\" aria-label=\"Scarica l&#039;app Spinstein\" >Scarica l&#039;app Spinstein<\/button><\/div><div class=\"scrollable-content-wrap my-5\"><div class=\"scrollable-content-inner\"><h2>Domande frequenti<\/h2>\n<h3>Quali sono i requisiti minimi di sistema per l&#8217;app?<\/h3>\n<p>L&#8217;app Spinstein funziona sulla maggior parte dei dispositivi mobili. Supportiamo dispositivi Android e iOS con browser aggiornati. Per il corretto funzionamento dell&#8217;app \u00e8 necessaria una connessione Internet stabile. Ottimizziamo regolarmente la piattaforma per l&#8217;utilizzo su vari dispositivi. Gli aggiornamenti automatici del sistema garantiscono il funzionamento regolare del software.<\/p>\n<h3>Come si installa il file APK sul mio dispositivo Android?<\/h3>\n<p>Non utilizziamo file APK per l&#8217;installazione. Spin Stein offre l&#8217;accesso tramite un&#8217;applicazione web progressiva. I giocatori possono installare il software direttamente dal proprio browser con un solo clic. Non sono necessari download da fonti esterne. L&#8217;app si installa rapidamente e si aggiorna automaticamente. I giocatori possono avviare il software in qualsiasi momento.<\/p>\n<h3>Posso utilizzare il mio account esistente nell&#8217;app mobile?<\/h3>\n<p>I giocatori possono utilizzare il proprio account Spinstein esistente nell&#8217;app mobile. Il nostro software consente la sincronizzazione completa su tutti i dispositivi. Se hai domande sul processo di installazione, puoi contattare il nostro team di assistenza. I nostri specialisti sono disponibili tramite live chat o e-mail.<\/p>\n<h3>C&#8217;\u00e8 una differenza tra l&#8217;app e la versione per browser?<\/h3>\n<p>La versione browser e l&#8217;app mobile hanno le stesse funzionalit\u00e0. Gli utenti possono giocare, vincere e prelevare denaro tramite il software e su Safari o Google Chrome. L&#8217;app mobile Spin Stein offre un accesso pi\u00f9 veloce ed \u00e8 ottimizzata per i comandi touchscreen. La versione del browser offre un&#8217;interfaccia pi\u00f9 ampia sui dispositivi desktop.<\/p>\n<\/div><\/div><\/p>\n","protected":false},"excerpt":{"rendered":"<p>App Spinstein: giochi da casin\u00f2 mobile Spinstein app \u00e8 progettata per un rapido accesso mobile al nostro casin\u00f2. Il software consente ai nostri clienti italiani di utilizzare tutte le funzionalit\u00e0 e di giocare a qualsiasi gioco della collezione. Offre una navigazione veloce con una grafica nitida e fluida. La nostra app \u00e8 disponibile con un [&hellip;]<\/p>\n","protected":false},"author":1,"featured_media":0,"parent":0,"menu_order":0,"comment_status":"closed","ping_status":"closed","template":"template-builder.php","meta":{"_acf_changed":false,"inline_featured_image":false,"footnotes":""},"class_list":["post-1445","page","type-page","status-publish","hentry"],"acf":[],"yoast_head":"<!-- This site is optimized with the Yoast SEO plugin v27.3 - https:\/\/yoast.com\/product\/yoast-seo-wordpress\/ -->\n<title>Spinstein App \u2013 iOS, Android | Scarica<\/title>\n<meta name=\"description\" content=\"Spinstein App \u2013 scarica l&#039;app mobile per iOS e Android per giocare a slot, giochi da tavolo e casin\u00f2 dal vivo ovunque. Goditi prestazioni fluide e accesso completo al tuo account con Spin Stein.\" \/>\n<meta name=\"robots\" content=\"index, follow, max-snippet:-1, max-image-preview:large, max-video-preview:-1\" \/>\n<link rel=\"canonical\" href=\"https:\/\/spinstein-casino.com\/it\/applicazione\/\" \/>\n<meta property=\"og:locale\" content=\"it_IT\" \/>\n<meta property=\"og:type\" content=\"article\" \/>\n<meta property=\"og:title\" content=\"Spinstein App \u2013 iOS, Android | Scarica\" \/>\n<meta property=\"og:description\" content=\"Spinstein App \u2013 scarica l&#039;app mobile per iOS e Android per giocare a slot, giochi da tavolo e casin\u00f2 dal vivo ovunque. Goditi prestazioni fluide e accesso completo al tuo account con Spin Stein.\" \/>\n<meta property=\"og:url\" content=\"https:\/\/spinstein-casino.com\/it\/applicazione\/\" \/>\n<meta property=\"og:site_name\" content=\"spinstein\" \/>\n<meta property=\"article:modified_time\" content=\"2026-04-02T14:22:55+00:00\" \/>\n<meta name=\"twitter:card\" content=\"summary_large_image\" \/>\n<meta name=\"twitter:label1\" content=\"Est. reading time\" \/>\n\t<meta name=\"twitter:data1\" content=\"2 minutes\" \/>\n<script type=\"application\/ld+json\" class=\"yoast-schema-graph\">{\"@context\":\"https:\\\/\\\/schema.org\",\"@graph\":[{\"@type\":\"WebPage\",\"@id\":\"https:\\\/\\\/spinstein-casino.com\\\/it\\\/applicazione\\\/\",\"url\":\"https:\\\/\\\/spinstein-casino.com\\\/it\\\/applicazione\\\/\",\"name\":\"Spinstein App \u2013 iOS, Android | Scarica\",\"isPartOf\":{\"@id\":\"https:\\\/\\\/spinstein-casino.com\\\/it\\\/#website\"},\"datePublished\":\"2026-01-20T12:08:23+00:00\",\"dateModified\":\"2026-04-02T14:22:55+00:00\",\"description\":\"Spinstein App \u2013 scarica l'app mobile per iOS e Android per giocare a slot, giochi da tavolo e casin\u00f2 dal vivo ovunque. Goditi prestazioni fluide e accesso completo al tuo account con Spin Stein.\",\"breadcrumb\":{\"@id\":\"https:\\\/\\\/spinstein-casino.com\\\/it\\\/applicazione\\\/#breadcrumb\"},\"inLanguage\":\"it-IT\",\"potentialAction\":[{\"@type\":\"ReadAction\",\"target\":[\"https:\\\/\\\/spinstein-casino.com\\\/it\\\/applicazione\\\/\"]}]},{\"@type\":\"BreadcrumbList\",\"@id\":\"https:\\\/\\\/spinstein-casino.com\\\/it\\\/applicazione\\\/#breadcrumb\",\"itemListElement\":[{\"@type\":\"ListItem\",\"position\":1,\"name\":\"Spinstein\",\"item\":\"https:\\\/\\\/spinstein-casino.com\\\/it\\\/\"},{\"@type\":\"ListItem\",\"position\":2,\"name\":\"Applicazione\"}]},{\"@type\":\"WebSite\",\"@id\":\"https:\\\/\\\/spinstein-casino.com\\\/it\\\/#website\",\"url\":\"https:\\\/\\\/spinstein-casino.com\\\/it\\\/\",\"name\":\"Spinstein\",\"description\":\"\",\"publisher\":{\"@id\":\"https:\\\/\\\/spinstein-casino.com\\\/it\\\/#organization\"},\"potentialAction\":[{\"@type\":\"SearchAction\",\"target\":{\"@type\":\"EntryPoint\",\"urlTemplate\":\"https:\\\/\\\/spinstein-casino.com\\\/it\\\/?s={search_term_string}\"},\"query-input\":{\"@type\":\"PropertyValueSpecification\",\"valueRequired\":true,\"valueName\":\"search_term_string\"}}],\"inLanguage\":\"it-IT\"},{\"@type\":\"Organization\",\"@id\":\"https:\\\/\\\/spinstein-casino.com\\\/it\\\/#organization\",\"name\":\"Spinstein\",\"url\":\"https:\\\/\\\/spinstein-casino.com\\\/it\\\/\",\"logo\":{\"@type\":\"ImageObject\",\"inLanguage\":\"it-IT\",\"@id\":\"https:\\\/\\\/spinstein-casino.com\\\/it\\\/#\\\/schema\\\/logo\\\/image\\\/\",\"url\":\"https:\\\/\\\/spinstein-casino.com\\\/wp-content\\\/uploads\\\/2026\\\/04\\\/spinstein-logo.svg\",\"contentUrl\":\"https:\\\/\\\/spinstein-casino.com\\\/wp-content\\\/uploads\\\/2026\\\/04\\\/spinstein-logo.svg\",\"width\":83,\"height\":20,\"caption\":\"Spinstein\"},\"image\":{\"@id\":\"https:\\\/\\\/spinstein-casino.com\\\/it\\\/#\\\/schema\\\/logo\\\/image\\\/\"}}]}<\/script>\n<!-- \/ Yoast SEO plugin. -->","yoast_head_json":{"title":"Spinstein App \u2013 iOS, Android | Scarica","description":"Spinstein App \u2013 scarica l'app mobile per iOS e Android per giocare a slot, giochi da tavolo e casin\u00f2 dal vivo ovunque. Goditi prestazioni fluide e accesso completo al tuo account con Spin Stein.","robots":{"index":"index","follow":"follow","max-snippet":"max-snippet:-1","max-image-preview":"max-image-preview:large","max-video-preview":"max-video-preview:-1"},"canonical":"https:\/\/spinstein-casino.com\/it\/applicazione\/","og_locale":"it_IT","og_type":"article","og_title":"Spinstein App \u2013 iOS, Android | Scarica","og_description":"Spinstein App \u2013 scarica l'app mobile per iOS e Android per giocare a slot, giochi da tavolo e casin\u00f2 dal vivo ovunque. Goditi prestazioni fluide e accesso completo al tuo account con Spin Stein.","og_url":"https:\/\/spinstein-casino.com\/it\/applicazione\/","og_site_name":"spinstein","article_modified_time":"2026-04-02T14:22:55+00:00","twitter_card":"summary_large_image","twitter_misc":{"Est. reading time":"2 minutes"},"schema":{"@context":"https:\/\/schema.org","@graph":[{"@type":"WebPage","@id":"https:\/\/spinstein-casino.com\/it\/applicazione\/","url":"https:\/\/spinstein-casino.com\/it\/applicazione\/","name":"Spinstein App \u2013 iOS, Android | Scarica","isPartOf":{"@id":"https:\/\/spinstein-casino.com\/it\/#website"},"datePublished":"2026-01-20T12:08:23+00:00","dateModified":"2026-04-02T14:22:55+00:00","description":"Spinstein App \u2013 scarica l'app mobile per iOS e Android per giocare a slot, giochi da tavolo e casin\u00f2 dal vivo ovunque. Goditi prestazioni fluide e accesso completo al tuo account con Spin Stein.","breadcrumb":{"@id":"https:\/\/spinstein-casino.com\/it\/applicazione\/#breadcrumb"},"inLanguage":"it-IT","potentialAction":[{"@type":"ReadAction","target":["https:\/\/spinstein-casino.com\/it\/applicazione\/"]}]},{"@type":"BreadcrumbList","@id":"https:\/\/spinstein-casino.com\/it\/applicazione\/#breadcrumb","itemListElement":[{"@type":"ListItem","position":1,"name":"Spinstein","item":"https:\/\/spinstein-casino.com\/it\/"},{"@type":"ListItem","position":2,"name":"Applicazione"}]},{"@type":"WebSite","@id":"https:\/\/spinstein-casino.com\/it\/#website","url":"https:\/\/spinstein-casino.com\/it\/","name":"Spinstein","description":"","publisher":{"@id":"https:\/\/spinstein-casino.com\/it\/#organization"},"potentialAction":[{"@type":"SearchAction","target":{"@type":"EntryPoint","urlTemplate":"https:\/\/spinstein-casino.com\/it\/?s={search_term_string}"},"query-input":{"@type":"PropertyValueSpecification","valueRequired":true,"valueName":"search_term_string"}}],"inLanguage":"it-IT"},{"@type":"Organization","@id":"https:\/\/spinstein-casino.com\/it\/#organization","name":"Spinstein","url":"https:\/\/spinstein-casino.com\/it\/","logo":{"@type":"ImageObject","inLanguage":"it-IT","@id":"https:\/\/spinstein-casino.com\/it\/#\/schema\/logo\/image\/","url":"https:\/\/spinstein-casino.com\/wp-content\/uploads\/2026\/04\/spinstein-logo.svg","contentUrl":"https:\/\/spinstein-casino.com\/wp-content\/uploads\/2026\/04\/spinstein-logo.svg","width":83,"height":20,"caption":"Spinstein"},"image":{"@id":"https:\/\/spinstein-casino.com\/it\/#\/schema\/logo\/image\/"}}]}},"_links":{"self":[{"href":"https:\/\/spinstein-casino.com\/it\/wp-json\/wp\/v2\/pages\/1445","targetHints":{"allow":["GET"]}}],"collection":[{"href":"https:\/\/spinstein-casino.com\/it\/wp-json\/wp\/v2\/pages"}],"about":[{"href":"https:\/\/spinstein-casino.com\/it\/wp-json\/wp\/v2\/types\/page"}],"author":[{"embeddable":true,"href":"https:\/\/spinstein-casino.com\/it\/wp-json\/wp\/v2\/users\/1"}],"replies":[{"embeddable":true,"href":"https:\/\/spinstein-casino.com\/it\/wp-json\/wp\/v2\/comments?post=1445"}],"version-history":[{"count":4,"href":"https:\/\/spinstein-casino.com\/it\/wp-json\/wp\/v2\/pages\/1445\/revisions"}],"predecessor-version":[{"id":2109,"href":"https:\/\/spinstein-casino.com\/it\/wp-json\/wp\/v2\/pages\/1445\/revisions\/2109"}],"wp:attachment":[{"href":"https:\/\/spinstein-casino.com\/it\/wp-json\/wp\/v2\/media?parent=1445"}],"curies":[{"name":"wp","href":"https:\/\/api.w.org\/{rel}","templated":true}]}}