{"id":1447,"date":"2026-01-20T12:08:23","date_gmt":"2026-01-20T12:08:23","guid":{"rendered":"https:\/\/bonuskongcasino.com\/app\/"},"modified":"2026-04-02T15:37:03","modified_gmt":"2026-04-02T14:37:03","slug":"aplikacja","status":"publish","type":"page","link":"https:\/\/spinstein-casino.com\/pl\/aplikacja\/","title":{"rendered":"Aplikacja"},"content":{"rendered":"<h1>Aplikacja Spinstein: gry kasynowe na urz\u0105dzenia mobilne<\/h1>\n<p>Spinstein app zosta\u0142a zaprojektowana z my\u015bl\u0105 o szybkim mobilnym dost\u0119pie do naszego kasyna. Oprogramowanie to umo\u017cliwia naszym polskim klientom korzystanie ze wszystkich funkcji oraz granie w dowoln\u0105 gr\u0119 z naszej oferty. Oferuje szybk\u0105 nawigacj\u0119 oraz wyra\u017an\u0105, p\u0142ynn\u0105 grafik\u0119. Nasza aplikacja jest dost\u0119pna za jednym klikni\u0119ciem na ka\u017cdym urz\u0105dzeniu.<\/p>\n<div class=\"banner-wrap\" aria-label=\"Banner\"><img src=\"https:\/\/spinstein-casino.com\/wp-content\/uploads\/Spinstein-banner-carousel-800\u0445400-1.webp\" class=\"w-100 d-none d-lg-block img-pc main-banner-img\" alt=\"Spinstein banner carousel\" fetchpriority=\"high\" decoding=\"async\"><img src=\"https:\/\/spinstein-casino.com\/wp-content\/uploads\/2026\/04\/spinstein-banner-mobile.webp\" class=\"w-100 d-none d-md-block d-lg-none main-banner-img\" alt=\"spinstein banner mobile\" fetchpriority=\"high\" decoding=\"async\"><img src=\"https:\/\/spinstein-casino.com\/wp-content\/uploads\/2026\/04\/spinstein-banner-mobile.webp\" class=\"w-100 d-md-none\" alt=\"spinstein banner mobile\" fetchpriority=\"high\" decoding=\"async\"><div class=\"banner-description\">\n<div class=\"banner-title\">Bonusy powitalne<\/div>\n<p class=\"banner-header-title\">1500 \u20ac<\/p>\n<div class=\"banner-header-AdditionalText\">+ 250 Darmowe spiny<\/div>\n<button data-item=\"homepage_banner_link\" class=\"goto m-button m-gradient-border m-button--primary m-button--large banner-button btn-orange\">\n            <div class=\"m-button-content\">\n                <span>Zarejestruj si\u0119 teraz<\/span>\n                <span><\/span>\n            <\/div>\n        <\/button>\n<\/div>\n<div class=\"WelcomePack\">\n<p><img loading=\"lazy\" decoding=\"async\" class=\"alignnone size-full wp-image-1895\" src=\"https:\/\/spinstein-casino.com\/wp-content\/uploads\/2026\/04\/welcome-crown-1.png\" alt=\"welcome crown\" width=\"25\" height=\"26\" \/><\/p>\n<div class=\"WelcomePack-Info\">Cotygodniowy zwrot got\u00f3wki do 25%<\/div>\n<p><img loading=\"lazy\" decoding=\"async\" class=\"alignnone size-full wp-image-1895\" src=\"https:\/\/spinstein-casino.com\/wp-content\/uploads\/2026\/04\/welcome-crown-1.png\" alt=\"welcome crown\" width=\"25\" height=\"26\" \/><\/p>\n<\/div>\n<\/div>\n<h2>Funkcje aplikacji Spinstein<\/h2>\n<p>Aplikacja Spin Stein zapewnia przyjazn\u0105 dla u\u017cytkownika rozgrywk\u0119. Nasza aplikacja posiada te same podstawowe funkcje, co wersja na komputery stacjonarne, ale jej dzia\u0142anie zosta\u0142o zoptymalizowane pod k\u0105tem ekran\u00f3w dotykowych. U\u017cytkownicy mog\u0105 zarz\u0105dza\u0107 swoimi kontami, gra\u0107 w gry i korzysta\u0107 ze wszystkich funkcji kasyna. Wersja mobilna dzia\u0142a szybciej i jest dost\u0119pna z dowolnego miejsca. Strona internetowa na komputery stacjonarne obs\u0142uguje wi\u0119ksze ekrany i zapewnia bardziej szczeg\u00f3\u0142owy widok.<\/p>\n<table>\n<tbody>\n<tr>\n<td>Funkcja<\/td>\n<td>Aplikacja mobilna<\/td>\n<td>Wersja na komputer<\/td>\n<\/tr>\n<tr>\n<td>Dost\u0119pno\u015b\u0107<\/td>\n<td>Dost\u0119p z urz\u0105dzenia mobilnego w dowolnym momencie<\/td>\n<td>Wymaga dost\u0119pu przez przegl\u0105dark\u0119 na komputerze stacjonarnym<\/td>\n<\/tr>\n<tr>\n<td>Wydajno\u015b\u0107<\/td>\n<td>Zoptymalizowana pod k\u0105tem szybkiego \u0142adowania i sterowania dotykowego<\/td>\n<td>Stabilna wydajno\u015b\u0107 przy wi\u0119kszej mocy obliczeniowej systemu<\/td>\n<\/tr>\n<tr>\n<td>Interfejs u\u017cytkownika<\/td>\n<td>Dostosowany do ekran\u00f3w urz\u0105dze\u0144 mobilnych i prostej nawigacji<\/td>\n<td>Wi\u0119kszy interfejs z szczeg\u00f3\u0142owym uk\u0142adem<\/td>\n<\/tr>\n<tr>\n<td>Zarz\u0105dzanie kontem<\/td>\n<td>Pe\u0142ny dost\u0119p do wp\u0142at, wyp\u0142at i ustawie\u0144<\/td>\n<td>Pe\u0142ny dost\u0119p przez przegl\u0105dark\u0119<\/td>\n<\/tr>\n<tr>\n<td>Powiadomienia<\/td>\n<td>Powiadomienia w czasie rzeczywistym o bonusach i aktualizacjach<\/td>\n<td>Brak powiadomie\u0144 push<\/td>\n<\/tr>\n<tr>\n<td>Wygoda<\/td>\n<td>Dost\u0119p jednym klikni\u0119ciem z urz\u0105dzenia<\/td>\n<td>Wymaga r\u0119cznego logowania przez przegl\u0105dark\u0119<\/td>\n<\/tr>\n<\/tbody>\n<\/table>\n<p><div class=\"scrollable-content-wrap my-5\"><div class=\"scrollable-content-inner\"><h2>Aplikacja Spinstein na system Android<\/h2>\n<p>Aplikacja Spinstein jest kompatybilna ze wszystkimi urz\u0105dzeniami z systemem Android. Nasza wersja mobilna dzia\u0142a na ka\u017cdym smartfonie lub tablecie. Gracze maj\u0105 dost\u0119p do tych samych funkcji, co na stronie internetowej na komputery stacjonarne, za po\u015brednictwem przegl\u0105darki. Interfejs jest zoptymalizowany pod k\u0105tem system\u00f3w Android, co zapewnia stabilne dzia\u0142anie. Zapewniamy szybkie \u0142adowanie na co dzie\u0144.<\/p>\n<h3>APK Spinstein<\/h3>\n<p>Do zainstalowania aplikacji Spinstein Casino nie s\u0105 wymagane \u017cadne pliki APK. Nie ma potrzeby szukania pliku APK Spinstein w Sklepie Play. Korzystamy z technologii Progressive Web App, aby zapewni\u0107 bezpo\u015bredni dost\u0119p. Gracze mog\u0105 zainstalowa\u0107 oprogramowanie jednym klikni\u0119ciem z poziomu przegl\u0105darki. Proces ten nie wymaga pobierania z zewn\u0119trznych \u017ar\u00f3de\u0142. Oprogramowanie dzia\u0142a bezpiecznie i aktualizuje si\u0119 automatycznie. Gracze mog\u0105 uruchomi\u0107 aplikacj\u0119 z ekranu g\u0142\u00f3wnego jednym klikni\u0119ciem.<\/p>\n<p><img loading=\"lazy\" decoding=\"async\" class=\"alignnone size-full wp-image-1946\" src=\"https:\/\/spinstein-casino.com\/wp-content\/uploads\/2026\/04\/Spinstein-Android-App.webp\" alt=\"Spinstein Android App\" width=\"1248\" height=\"536\" srcset=\"https:\/\/spinstein-casino.com\/wp-content\/uploads\/2026\/04\/Spinstein-Android-App.webp 1248w, https:\/\/spinstein-casino.com\/wp-content\/uploads\/2026\/04\/Spinstein-Android-App-300x129.webp 300w, https:\/\/spinstein-casino.com\/wp-content\/uploads\/2026\/04\/Spinstein-Android-App-1024x440.webp 1024w, https:\/\/spinstein-casino.com\/wp-content\/uploads\/2026\/04\/Spinstein-Android-App-768x330.webp 768w\" sizes=\"auto, (max-width: 1248px) 100vw, 1248px\" \/><\/p>\n<\/div><\/div><div style=\"clear: both\"><\/div><div class=\"d-flex justify-content-center\"><button data-item=\"decouvrez_link\" data-group=\"website_links\" class=\"goto fw-bold rounded-pill btn btn-orange\" aria-label=\"Pobierz aplikacj\u0119 Spinstein\" >Pobierz aplikacj\u0119 Spinstein<\/button><\/div><div class=\"scrollable-content-wrap my-5\"><div class=\"scrollable-content-inner\"><h2>Aplikacja Spinstein \u2013 iOS<\/h2>\n<p>Mo\u017cesz \u0142atwo uzyska\u0107 dost\u0119p do aplikacji Spinstain na dowolnym urz\u0105dzeniu z systemem iOS. Nasze oprogramowanie dzia\u0142a w przegl\u0105darce Safari jako rozwi\u0105zanie internetowe. Gracze mog\u0105 korzysta\u0107 ze wszystkich funkcji zwi\u0105zanych z grami lub zarz\u0105dzaniem kontem. Interfejs jest zoptymalizowany pod k\u0105tem ekran\u00f3w iPhone&#8217;\u00f3w i iPad\u00f3w. Gwarantujemy szybki dost\u0119p bez konieczno\u015bci pobierania aplikacji ze sklepu App Store.<\/p>\n<p>Jak zainstalowa\u0107 aplikacj\u0119 Spinstein na iOS:<\/p>\n<ol>\n<li>Nale\u017cy otworzy\u0107 stron\u0119 internetow\u0105 Spinstein w przegl\u0105darce Safari.<\/li>\n<li>Nast\u0119pnie nale\u017cy klikn\u0105\u0107 ikon\u0119 \u201eUdost\u0119pnij\u201d u do\u0142u ekranu.<\/li>\n<li>Nast\u0119pnie nale\u017cy wybra\u0107 z menu opcj\u0119 \u201eDodaj do ekranu g\u0142\u00f3wnego\u201d i potwierdzi\u0107 dzia\u0142anie, klikaj\u0105c \u201eDodaj\u201d.<\/li>\n<\/ol>\n<p><img loading=\"lazy\" decoding=\"async\" class=\"alignnone size-full wp-image-1970\" src=\"https:\/\/spinstein-casino.com\/wp-content\/uploads\/2026\/04\/Spinstein-iOS-App.webp\" alt=\"Spinstein iOS App\" width=\"1248\" height=\"536\" srcset=\"https:\/\/spinstein-casino.com\/wp-content\/uploads\/2026\/04\/Spinstein-iOS-App.webp 1248w, https:\/\/spinstein-casino.com\/wp-content\/uploads\/2026\/04\/Spinstein-iOS-App-300x129.webp 300w, https:\/\/spinstein-casino.com\/wp-content\/uploads\/2026\/04\/Spinstein-iOS-App-1024x440.webp 1024w, https:\/\/spinstein-casino.com\/wp-content\/uploads\/2026\/04\/Spinstein-iOS-App-768x330.webp 768w\" sizes=\"auto, (max-width: 1248px) 100vw, 1248px\" \/><\/p>\n<\/div><\/div><div style=\"clear: both\"><\/div><div class=\"d-flex justify-content-center\"><button data-item=\"decouvrez_link\" data-group=\"website_links\" class=\"goto fw-bold rounded-pill btn btn-orange\" aria-label=\"Pobierz aplikacj\u0119 Spinstein\" >Pobierz aplikacj\u0119 Spinstein<\/button><\/div><div class=\"scrollable-content-wrap my-5\"><div class=\"scrollable-content-inner\"><h2>Spin Stein Casino \u2013 wersja na komputery stacjonarne<\/h2>\n<p>Mo\u017cesz zainstalowa\u0107 aplikacj\u0119 Spinstein Casino na komputer, aby uzyska\u0107 szybki dost\u0119p do naszej strony internetowej. Gracze mog\u0105 korzysta\u0107 z platformy na systemach Windows i macOS bez instalowania \u017cadnego oprogramowania. Wersja na komputer dzia\u0142a jako aplikacja internetowa w przegl\u0105darce i obs\u0142uguje wszystkie funkcje kasyna mobilnego.<\/p>\n<p>Zoptymalizowali\u015bmy wersj\u0119 na komputery stacjonarne pod k\u0105tem du\u017cych ekran\u00f3w. Gry z krupierem na \u017cywo oferuj\u0105 wysokiej jako\u015bci obraz. W wersji na komputery PC mo\u017cesz gra\u0107 w automaty online w trybie pe\u0142noekranowym. U\u017cytkownicy mog\u0105 zarz\u0105dza\u0107 wp\u0142atami i wyp\u0142atami w menu g\u0142\u00f3wnym.<\/p>\n<p>Skr\u00f3t do kasyna Spinstein jest tworzony na pulpicie w celu zapewnienia szybkiego dost\u0119pu. Otwiera on platform\u0119 jednym klikni\u0119ciem. Zalet\u0105 aplikacji jest to, \u017ce mo\u017cna otrzymywa\u0107 powiadomienia o aktualizacjach kasyna i wszystkich najnowszych wiadomo\u015bciach.<\/p>\n<h2>Bezpiecze\u0144stwo i uczciwa gra<\/h2>\n<p>W kasynie Spinstein weryfikacja jest wymagana w celu dokonania wyp\u0142at i odebrania bonus\u00f3w. Gracze musz\u0105 przej\u015b\u0107 proces \u201ePoznaj swojego klienta\u201d (KYC), aby potwierdzi\u0107 swoj\u0105 to\u017csamo\u015b\u0107. Wymagane dokumenty obejmuj\u0105 dow\u00f3d wieku, potwierdzenie adresu oraz informacje dotycz\u0105ce p\u0142atno\u015bci. Proces weryfikacji jest niezb\u0119dny do zapewnienia bezpiecze\u0144stwa wszystkim u\u017cytkownikom. Gracze Spinstein mog\u0105 przej\u015b\u0107 t\u0119 procedur\u0119 w naszej aplikacji.<\/p>\n<p>Niekt\u00f3re z naszych \u015brodk\u00f3w bezpiecze\u0144stwa:<\/p>\n<ul>\n<li>Zabezpieczenia TLS \u2013 U\u017cywamy szyfrowania TLS 1.3 i protoko\u0142u HTTPS z wa\u017cnymi certyfikatami, aby chroni\u0107 transfer danych.<\/li>\n<li>Monitorowanie transakcji \u2013 Wyp\u0142aty s\u0105 sprawdzane r\u0119cznie, a wszystkie dzia\u0142ania zwi\u0105zane z p\u0142atno\u015bciami s\u0105 monitorowane w czasie rzeczywistym.<\/li>\n<li>Uczciwo\u015b\u0107 gier \u2013 Wszystkie gry dzia\u0142aj\u0105 na certyfikowanych generatorach liczb losowych. Niezale\u017cne laboratoria regularnie testuj\u0105 nasze systemy.<\/li>\n<li>Bezpiecze\u0144stwo systemu \u2013 Utrzymujemy zapory sieciowe, ochron\u0119 przed atakami DDoS oraz systemy wykrywania w\u0142ama\u0144, aby zabezpieczy\u0107 platform\u0119.<\/li>\n<li>Bezpiecze\u0144stwo konta \u2013 Uwierzytelnianie dwusk\u0142adnikowe i CAPTCHA zapobiegaj\u0105 nieautoryzowanemu i zautomatyzowanemu dost\u0119powi.<\/li>\n<\/ul>\n<p><img loading=\"lazy\" decoding=\"async\" class=\"alignnone size-full wp-image-1962\" src=\"https:\/\/spinstein-casino.com\/wp-content\/uploads\/2026\/04\/Spinstein-Desktop.webp\" alt=\"Spinstein Desktop\" width=\"1248\" height=\"536\" srcset=\"https:\/\/spinstein-casino.com\/wp-content\/uploads\/2026\/04\/Spinstein-Desktop.webp 1248w, https:\/\/spinstein-casino.com\/wp-content\/uploads\/2026\/04\/Spinstein-Desktop-300x129.webp 300w, https:\/\/spinstein-casino.com\/wp-content\/uploads\/2026\/04\/Spinstein-Desktop-1024x440.webp 1024w, https:\/\/spinstein-casino.com\/wp-content\/uploads\/2026\/04\/Spinstein-Desktop-768x330.webp 768w\" sizes=\"auto, (max-width: 1248px) 100vw, 1248px\" \/><\/p>\n<\/div><\/div><div style=\"clear: both\"><\/div><div class=\"d-flex justify-content-center\"><button data-item=\"decouvrez_link\" data-group=\"website_links\" class=\"goto fw-bold rounded-pill btn btn-orange\" aria-label=\"Pobierz aplikacj\u0119 Spinstein\" >Pobierz aplikacj\u0119 Spinstein<\/button><\/div><div class=\"scrollable-content-wrap my-5\"><div class=\"scrollable-content-inner\"><h2>FAQ<\/h2>\n<h3>Jakie s\u0105 minimalne wymagania systemowe aplikacji?<\/h3>\n<p>Aplikacja Spinstein dzia\u0142a na wi\u0119kszo\u015bci urz\u0105dze\u0144 mobilnych. Obs\u0142ugujemy urz\u0105dzenia z systemem Android i iOS z aktualnymi przegl\u0105darkami. Do prawid\u0142owego dzia\u0142ania aplikacji wymagane jest stabilne po\u0142\u0105czenie internetowe. Regularnie optymalizujemy platform\u0119 pod k\u0105tem u\u017cytkowania na r\u00f3\u017cnych urz\u0105dzeniach. Automatyczne aktualizacje systemu zapewniaj\u0105 p\u0142ynne dzia\u0142anie oprogramowania.<\/p>\n<h3>Jak zainstalowa\u0107 plik APK na moim urz\u0105dzeniu z systemem Android?<\/h3>\n<p>Nie korzystamy z plik\u00f3w APK do instalacji. Spin Stein zapewnia dost\u0119p za po\u015brednictwem progresywnej aplikacji internetowej. Gracze mog\u0105 zainstalowa\u0107 oprogramowanie bezpo\u015brednio z przegl\u0105darki jednym klikni\u0119ciem. Nie trzeba pobiera\u0107 plik\u00f3w z zewn\u0119trznych \u017ar\u00f3de\u0142. Aplikacja instaluje si\u0119 szybko i aktualizuje automatycznie. Gracze mog\u0105 uruchomi\u0107 oprogramowanie w dowolnym momencie.<\/p>\n<h3>Czy mog\u0119 korzysta\u0107 z mojego istniej\u0105cego konta w aplikacji mobilnej?<\/h3>\n<p>Gracze mog\u0105 korzysta\u0107 ze swojego istniej\u0105cego konta Spinstein w aplikacji mobilnej. Nasze oprogramowanie umo\u017cliwia pe\u0142n\u0105 synchronizacj\u0119 na wszystkich urz\u0105dzeniach. Je\u015bli masz jakiekolwiek pytania dotycz\u0105ce procesu instalacji, mo\u017cesz skontaktowa\u0107 si\u0119 z naszym zespo\u0142em pomocy technicznej. Nasi specjali\u015bci s\u0105 dost\u0119pni na czacie na \u017cywo lub przez e-mail.<\/p>\n<h3>Czy istnieje r\u00f3\u017cnica mi\u0119dzy wersj\u0105 aplikacji a wersj\u0105 przegl\u0105darkow\u0105?<\/h3>\n<p>Wersja przegl\u0105darkowa i aplikacja mobilna maj\u0105 te same funkcje. U\u017cytkownicy mog\u0105 gra\u0107, wygrywa\u0107 i wyp\u0142aca\u0107 pieni\u0105dze za po\u015brednictwem oprogramowania oraz w przegl\u0105darkach Safari lub Google Chrome. Aplikacja mobilna Spin Stein zapewnia szybszy dost\u0119p i jest zoptymalizowana pod k\u0105tem obs\u0142ugi ekranu dotykowego. Wersja przegl\u0105darkowa zapewnia wi\u0119kszy interfejs na urz\u0105dzeniach stacjonarnych.<\/p>\n<\/div><\/div><\/p>\n","protected":false},"excerpt":{"rendered":"<p>Aplikacja Spinstein: gry kasynowe na urz\u0105dzenia mobilne Spinstein app zosta\u0142a zaprojektowana z my\u015bl\u0105 o szybkim mobilnym dost\u0119pie do naszego kasyna. Oprogramowanie to umo\u017cliwia naszym polskim klientom korzystanie ze wszystkich funkcji oraz granie w dowoln\u0105 gr\u0119 z naszej oferty. Oferuje szybk\u0105 nawigacj\u0119 oraz wyra\u017an\u0105, p\u0142ynn\u0105 grafik\u0119. Nasza aplikacja jest dost\u0119pna za jednym klikni\u0119ciem na ka\u017cdym urz\u0105dzeniu. [&hellip;]<\/p>\n","protected":false},"author":1,"featured_media":0,"parent":0,"menu_order":0,"comment_status":"closed","ping_status":"closed","template":"template-builder.php","meta":{"_acf_changed":false,"inline_featured_image":false,"footnotes":""},"class_list":["post-1447","page","type-page","status-publish","hentry"],"acf":[],"yoast_head":"<!-- This site is optimized with the Yoast SEO plugin v27.3 - https:\/\/yoast.com\/product\/yoast-seo-wordpress\/ -->\n<title>Spinstein App \u2013 iOS, Android | Pobierz<\/title>\n<meta name=\"description\" content=\"Spinstein App \u2013 pobierz aplikacj\u0119 mobiln\u0105 na iOS i Android, aby gra\u0107 w sloty, gry sto\u0142owe i kasyno na \u017cywo gdziekolwiek jeste\u015b. Ciesz si\u0119 p\u0142ynnym dzia\u0142aniem i pe\u0142nym dost\u0119pem do konta z Spin Stein.\" \/>\n<meta name=\"robots\" content=\"index, follow, max-snippet:-1, max-image-preview:large, max-video-preview:-1\" \/>\n<link rel=\"canonical\" href=\"https:\/\/spinstein-casino.com\/pl\/aplikacja\/\" \/>\n<meta property=\"og:locale\" content=\"pl_PL\" \/>\n<meta property=\"og:type\" content=\"article\" \/>\n<meta property=\"og:title\" content=\"Spinstein App \u2013 iOS, Android | Pobierz\" \/>\n<meta property=\"og:description\" content=\"Spinstein App \u2013 pobierz aplikacj\u0119 mobiln\u0105 na iOS i Android, aby gra\u0107 w sloty, gry sto\u0142owe i kasyno na \u017cywo gdziekolwiek jeste\u015b. Ciesz si\u0119 p\u0142ynnym dzia\u0142aniem i pe\u0142nym dost\u0119pem do konta z Spin Stein.\" \/>\n<meta property=\"og:url\" content=\"https:\/\/spinstein-casino.com\/pl\/aplikacja\/\" \/>\n<meta property=\"og:site_name\" content=\"spinstein\" \/>\n<meta property=\"article:modified_time\" content=\"2026-04-02T14:37:03+00:00\" \/>\n<meta name=\"twitter:card\" content=\"summary_large_image\" \/>\n<meta name=\"twitter:label1\" content=\"Est. reading time\" \/>\n\t<meta name=\"twitter:data1\" content=\"1 minute\" \/>\n<script type=\"application\/ld+json\" class=\"yoast-schema-graph\">{\"@context\":\"https:\\\/\\\/schema.org\",\"@graph\":[{\"@type\":\"WebPage\",\"@id\":\"https:\\\/\\\/spinstein-casino.com\\\/pl\\\/aplikacja\\\/\",\"url\":\"https:\\\/\\\/spinstein-casino.com\\\/pl\\\/aplikacja\\\/\",\"name\":\"Spinstein App \u2013 iOS, Android | Pobierz\",\"isPartOf\":{\"@id\":\"https:\\\/\\\/spinstein-casino.com\\\/pl\\\/#website\"},\"datePublished\":\"2026-01-20T12:08:23+00:00\",\"dateModified\":\"2026-04-02T14:37:03+00:00\",\"description\":\"Spinstein App \u2013 pobierz aplikacj\u0119 mobiln\u0105 na iOS i Android, aby gra\u0107 w sloty, gry sto\u0142owe i kasyno na \u017cywo gdziekolwiek jeste\u015b. Ciesz si\u0119 p\u0142ynnym dzia\u0142aniem i pe\u0142nym dost\u0119pem do konta z Spin Stein.\",\"breadcrumb\":{\"@id\":\"https:\\\/\\\/spinstein-casino.com\\\/pl\\\/aplikacja\\\/#breadcrumb\"},\"inLanguage\":\"pl-PL\",\"potentialAction\":[{\"@type\":\"ReadAction\",\"target\":[\"https:\\\/\\\/spinstein-casino.com\\\/pl\\\/aplikacja\\\/\"]}]},{\"@type\":\"BreadcrumbList\",\"@id\":\"https:\\\/\\\/spinstein-casino.com\\\/pl\\\/aplikacja\\\/#breadcrumb\",\"itemListElement\":[{\"@type\":\"ListItem\",\"position\":1,\"name\":\"Spinstein\",\"item\":\"https:\\\/\\\/spinstein-casino.com\\\/pl\\\/\"},{\"@type\":\"ListItem\",\"position\":2,\"name\":\"Aplikacja\"}]},{\"@type\":\"WebSite\",\"@id\":\"https:\\\/\\\/spinstein-casino.com\\\/pl\\\/#website\",\"url\":\"https:\\\/\\\/spinstein-casino.com\\\/pl\\\/\",\"name\":\"Spinstein\",\"description\":\"\",\"publisher\":{\"@id\":\"https:\\\/\\\/spinstein-casino.com\\\/pl\\\/#organization\"},\"potentialAction\":[{\"@type\":\"SearchAction\",\"target\":{\"@type\":\"EntryPoint\",\"urlTemplate\":\"https:\\\/\\\/spinstein-casino.com\\\/pl\\\/?s={search_term_string}\"},\"query-input\":{\"@type\":\"PropertyValueSpecification\",\"valueRequired\":true,\"valueName\":\"search_term_string\"}}],\"inLanguage\":\"pl-PL\"},{\"@type\":\"Organization\",\"@id\":\"https:\\\/\\\/spinstein-casino.com\\\/pl\\\/#organization\",\"name\":\"Spinstein\",\"url\":\"https:\\\/\\\/spinstein-casino.com\\\/pl\\\/\",\"logo\":{\"@type\":\"ImageObject\",\"inLanguage\":\"pl-PL\",\"@id\":\"https:\\\/\\\/spinstein-casino.com\\\/pl\\\/#\\\/schema\\\/logo\\\/image\\\/\",\"url\":\"https:\\\/\\\/spinstein-casino.com\\\/wp-content\\\/uploads\\\/2026\\\/04\\\/spinstein-logo.svg\",\"contentUrl\":\"https:\\\/\\\/spinstein-casino.com\\\/wp-content\\\/uploads\\\/2026\\\/04\\\/spinstein-logo.svg\",\"width\":83,\"height\":20,\"caption\":\"Spinstein\"},\"image\":{\"@id\":\"https:\\\/\\\/spinstein-casino.com\\\/pl\\\/#\\\/schema\\\/logo\\\/image\\\/\"}}]}<\/script>\n<!-- \/ Yoast SEO plugin. -->","yoast_head_json":{"title":"Spinstein App \u2013 iOS, Android | Pobierz","description":"Spinstein App \u2013 pobierz aplikacj\u0119 mobiln\u0105 na iOS i Android, aby gra\u0107 w sloty, gry sto\u0142owe i kasyno na \u017cywo gdziekolwiek jeste\u015b. Ciesz si\u0119 p\u0142ynnym dzia\u0142aniem i pe\u0142nym dost\u0119pem do konta z Spin Stein.","robots":{"index":"index","follow":"follow","max-snippet":"max-snippet:-1","max-image-preview":"max-image-preview:large","max-video-preview":"max-video-preview:-1"},"canonical":"https:\/\/spinstein-casino.com\/pl\/aplikacja\/","og_locale":"pl_PL","og_type":"article","og_title":"Spinstein App \u2013 iOS, Android | Pobierz","og_description":"Spinstein App \u2013 pobierz aplikacj\u0119 mobiln\u0105 na iOS i Android, aby gra\u0107 w sloty, gry sto\u0142owe i kasyno na \u017cywo gdziekolwiek jeste\u015b. Ciesz si\u0119 p\u0142ynnym dzia\u0142aniem i pe\u0142nym dost\u0119pem do konta z Spin Stein.","og_url":"https:\/\/spinstein-casino.com\/pl\/aplikacja\/","og_site_name":"spinstein","article_modified_time":"2026-04-02T14:37:03+00:00","twitter_card":"summary_large_image","twitter_misc":{"Est. reading time":"1 minute"},"schema":{"@context":"https:\/\/schema.org","@graph":[{"@type":"WebPage","@id":"https:\/\/spinstein-casino.com\/pl\/aplikacja\/","url":"https:\/\/spinstein-casino.com\/pl\/aplikacja\/","name":"Spinstein App \u2013 iOS, Android | Pobierz","isPartOf":{"@id":"https:\/\/spinstein-casino.com\/pl\/#website"},"datePublished":"2026-01-20T12:08:23+00:00","dateModified":"2026-04-02T14:37:03+00:00","description":"Spinstein App \u2013 pobierz aplikacj\u0119 mobiln\u0105 na iOS i Android, aby gra\u0107 w sloty, gry sto\u0142owe i kasyno na \u017cywo gdziekolwiek jeste\u015b. Ciesz si\u0119 p\u0142ynnym dzia\u0142aniem i pe\u0142nym dost\u0119pem do konta z Spin Stein.","breadcrumb":{"@id":"https:\/\/spinstein-casino.com\/pl\/aplikacja\/#breadcrumb"},"inLanguage":"pl-PL","potentialAction":[{"@type":"ReadAction","target":["https:\/\/spinstein-casino.com\/pl\/aplikacja\/"]}]},{"@type":"BreadcrumbList","@id":"https:\/\/spinstein-casino.com\/pl\/aplikacja\/#breadcrumb","itemListElement":[{"@type":"ListItem","position":1,"name":"Spinstein","item":"https:\/\/spinstein-casino.com\/pl\/"},{"@type":"ListItem","position":2,"name":"Aplikacja"}]},{"@type":"WebSite","@id":"https:\/\/spinstein-casino.com\/pl\/#website","url":"https:\/\/spinstein-casino.com\/pl\/","name":"Spinstein","description":"","publisher":{"@id":"https:\/\/spinstein-casino.com\/pl\/#organization"},"potentialAction":[{"@type":"SearchAction","target":{"@type":"EntryPoint","urlTemplate":"https:\/\/spinstein-casino.com\/pl\/?s={search_term_string}"},"query-input":{"@type":"PropertyValueSpecification","valueRequired":true,"valueName":"search_term_string"}}],"inLanguage":"pl-PL"},{"@type":"Organization","@id":"https:\/\/spinstein-casino.com\/pl\/#organization","name":"Spinstein","url":"https:\/\/spinstein-casino.com\/pl\/","logo":{"@type":"ImageObject","inLanguage":"pl-PL","@id":"https:\/\/spinstein-casino.com\/pl\/#\/schema\/logo\/image\/","url":"https:\/\/spinstein-casino.com\/wp-content\/uploads\/2026\/04\/spinstein-logo.svg","contentUrl":"https:\/\/spinstein-casino.com\/wp-content\/uploads\/2026\/04\/spinstein-logo.svg","width":83,"height":20,"caption":"Spinstein"},"image":{"@id":"https:\/\/spinstein-casino.com\/pl\/#\/schema\/logo\/image\/"}}]}},"_links":{"self":[{"href":"https:\/\/spinstein-casino.com\/pl\/wp-json\/wp\/v2\/pages\/1447","targetHints":{"allow":["GET"]}}],"collection":[{"href":"https:\/\/spinstein-casino.com\/pl\/wp-json\/wp\/v2\/pages"}],"about":[{"href":"https:\/\/spinstein-casino.com\/pl\/wp-json\/wp\/v2\/types\/page"}],"author":[{"embeddable":true,"href":"https:\/\/spinstein-casino.com\/pl\/wp-json\/wp\/v2\/users\/1"}],"replies":[{"embeddable":true,"href":"https:\/\/spinstein-casino.com\/pl\/wp-json\/wp\/v2\/comments?post=1447"}],"version-history":[{"count":4,"href":"https:\/\/spinstein-casino.com\/pl\/wp-json\/wp\/v2\/pages\/1447\/revisions"}],"predecessor-version":[{"id":2117,"href":"https:\/\/spinstein-casino.com\/pl\/wp-json\/wp\/v2\/pages\/1447\/revisions\/2117"}],"wp:attachment":[{"href":"https:\/\/spinstein-casino.com\/pl\/wp-json\/wp\/v2\/media?parent=1447"}],"curies":[{"name":"wp","href":"https:\/\/api.w.org\/{rel}","templated":true}]}}